{"id":2785,"date":"2024-10-31T09:58:33","date_gmt":"2024-10-31T08:58:33","guid":{"rendered":"https:\/\/essentialforbusiness.com\/solucions"},"modified":"2024-11-06T14:07:49","modified_gmt":"2024-11-06T13:07:49","slug":"solucions","status":"publish","type":"page","link":"https:\/\/essentialforbusiness.com\/ca\/solucions","title":{"rendered":"Solucions"},"content":{"rendered":"\t\t<div data-elementor-type=\"wp-page\" data-elementor-id=\"2785\" class=\"elementor elementor-2785 elementor-138\" data-elementor-post-type=\"page\">\n\t\t\t\t<div class=\"elementor-element elementor-element-6815e4e3 e-flex e-con-boxed e-con e-parent\" data-id=\"6815e4e3\" data-element_type=\"container\" data-e-type=\"container\" data-settings=\"{&quot;background_background&quot;:&quot;classic&quot;}\">\n\t\t\t\t\t<div class=\"e-con-inner\">\n\t\t\t\t<div class=\"elementor-element elementor-element-62eba6db elementor-widget elementor-widget-heading\" data-id=\"62eba6db\" data-element_type=\"widget\" data-e-type=\"widget\" data-widget_type=\"heading.default\">\n\t\t\t\t<div class=\"elementor-widget-container\">\n\t\t\t\t\t<h1 class=\"elementor-heading-title elementor-size-default\">Fet per professionals,<br> Per a professionals<\/h1>\t\t\t\t<\/div>\n\t\t\t\t<\/div>\n\t\t\t\t<div class=\"elementor-element elementor-element-473e0c18 elementor-widget elementor-widget-text-editor\" data-id=\"473e0c18\" data-element_type=\"widget\" data-e-type=\"widget\" data-widget_type=\"text-editor.default\">\n\t\t\t\t<div class=\"elementor-widget-container\">\n\t\t\t\t\t\t\t\t\t<p>Explora les nostres solucions i troba l&#8217;enfocament que s&#8217;adapti millor als teus objectius.<\/p>\n\t\t\t\t\t\t\t\t<\/div>\n\t\t\t\t<\/div>\n\t\t\t\t\t<\/div>\n\t\t\t\t<\/div>\n\t\t<div class=\"elementor-element elementor-element-19c1ea2a e-con-full e-flex e-con e-parent\" data-id=\"19c1ea2a\" data-element_type=\"container\" data-e-type=\"container\" data-settings=\"{&quot;background_background&quot;:&quot;classic&quot;}\">\n\t\t<div class=\"elementor-element elementor-element-78e990be e-con-full e-flex e-con e-child\" data-id=\"78e990be\" data-element_type=\"container\" data-e-type=\"container\">\n\t\t\t\t<div class=\"elementor-element elementor-element-4d502fbc elementor-widget elementor-widget-heading\" data-id=\"4d502fbc\" data-element_type=\"widget\" data-e-type=\"widget\" data-widget_type=\"heading.default\">\n\t\t\t\t<div class=\"elementor-widget-container\">\n\t\t\t\t\t<h2 class=\"elementor-heading-title elementor-size-default\">Formaci\u00f3 en idiomes per a empreses<\/h2>\t\t\t\t<\/div>\n\t\t\t\t<\/div>\n\t\t\t\t<div class=\"elementor-element elementor-element-29a5ad41 elementor-widget elementor-widget-text-editor\" data-id=\"29a5ad41\" data-element_type=\"widget\" data-e-type=\"widget\" data-widget_type=\"text-editor.default\">\n\t\t\t\t<div class=\"elementor-widget-container\">\n\t\t\t\t\t\t\t\t\t<p>Els nostres cursos estan pensats per desenvolupar habilitats ling\u00fc\u00edstiques adaptades al context empresarial, assegurant una comunicaci\u00f3 efectiva en qualsevol idioma i entorn professional.<\/p>\n\t\t\t\t\t\t\t\t<\/div>\n\t\t\t\t<\/div>\n\t\t\t\t<div class=\"elementor-element elementor-element-1972a4c elementor-widget elementor-widget-button\" data-id=\"1972a4c\" data-element_type=\"widget\" data-e-type=\"widget\" data-widget_type=\"button.default\">\n\t\t\t\t<div class=\"elementor-widget-container\">\n\t\t\t\t\t\t\t\t\t<div class=\"elementor-button-wrapper\">\n\t\t\t\t\t<a class=\"elementor-button elementor-button-link elementor-size-sm\" href=\"https:\/\/essentialforbusiness.com\/ca\/solucions\/cursos-didiomes-per-a-empreses\">\n\t\t\t\t\t\t<span class=\"elementor-button-content-wrapper\">\n\t\t\t\t\t\t\t\t\t<span class=\"elementor-button-text\">Acc\u00e9s<\/span>\n\t\t\t\t\t<\/span>\n\t\t\t\t\t<\/a>\n\t\t\t\t<\/div>\n\t\t\t\t\t\t\t\t<\/div>\n\t\t\t\t<\/div>\n\t\t\t\t<\/div>\n\t\t<div class=\"elementor-element elementor-element-77dad39a e-con-full e-flex e-con e-child\" data-id=\"77dad39a\" data-element_type=\"container\" data-e-type=\"container\">\n\t\t\t\t<div class=\"elementor-element elementor-element-1ae4b2b7 elementor-widget elementor-widget-image\" data-id=\"1ae4b2b7\" data-element_type=\"widget\" data-e-type=\"widget\" data-widget_type=\"image.default\">\n\t\t\t\t<div class=\"elementor-widget-container\">\n\t\t\t\t\t\t\t\t\t\t\t\t\t\t\t<img fetchpriority=\"high\" decoding=\"async\" width=\"800\" height=\"534\" src=\"https:\/\/i0.wp.com\/essentialforbusiness.com\/wp-content\/uploads\/2024\/11\/pexels-karolina-grabowska-5239913-scaled.jpg?fit=800%2C534&amp;ssl=1\" class=\"attachment-large size-large wp-image-2643\" alt=\"\" title=\"\">\t\t\t\t\t\t\t\t\t\t\t\t\t\t\t<\/div>\n\t\t\t\t<\/div>\n\t\t\t\t<\/div>\n\t\t\t\t<\/div>\n\t\t<div class=\"elementor-element elementor-element-7137d29a e-con-full e-flex e-con e-parent\" data-id=\"7137d29a\" data-element_type=\"container\" data-e-type=\"container\" data-settings=\"{&quot;background_background&quot;:&quot;classic&quot;}\">\n\t\t<div class=\"elementor-element elementor-element-2f92b82a e-con-full e-flex e-con e-child\" data-id=\"2f92b82a\" data-element_type=\"container\" data-e-type=\"container\">\n\t\t\t\t<div class=\"elementor-element elementor-element-50d003b9 elementor-widget elementor-widget-heading\" data-id=\"50d003b9\" data-element_type=\"widget\" data-e-type=\"widget\" data-widget_type=\"heading.default\">\n\t\t\t\t<div class=\"elementor-widget-container\">\n\t\t\t\t\t<h2 class=\"elementor-heading-title elementor-size-default\">Enfocament per Sector<\/h2>\t\t\t\t<\/div>\n\t\t\t\t<\/div>\n\t\t\t\t<div class=\"elementor-element elementor-element-5ba16f93 elementor-widget elementor-widget-text-editor\" data-id=\"5ba16f93\" data-element_type=\"widget\" data-e-type=\"widget\" data-widget_type=\"text-editor.default\">\n\t\t\t\t<div class=\"elementor-widget-container\">\n\t\t\t\t\t\t\t\t\t<p>Entenem els matisos de cada ind\u00fastria. Dissenyem programes que aborden el vocabulari i les situacions particulars de sectors com tecnologia, finances, salut i m\u00e9s, proporcionant un avantatge competitiu al teu camp. <\/p>\n\t\t\t\t\t\t\t\t<\/div>\n\t\t\t\t<\/div>\n\t\t\t\t<div class=\"elementor-element elementor-element-be46f7d elementor-widget elementor-widget-button\" data-id=\"be46f7d\" data-element_type=\"widget\" data-e-type=\"widget\" data-widget_type=\"button.default\">\n\t\t\t\t<div class=\"elementor-widget-container\">\n\t\t\t\t\t\t\t\t\t<div class=\"elementor-button-wrapper\">\n\t\t\t\t\t<a class=\"elementor-button elementor-button-link elementor-size-sm\" href=\"https:\/\/essentialforbusiness.com\/ca\/solucions\/enfocament-per-sector\">\n\t\t\t\t\t\t<span class=\"elementor-button-content-wrapper\">\n\t\t\t\t\t\t\t\t\t<span class=\"elementor-button-text\">Acc\u00e9s<\/span>\n\t\t\t\t\t<\/span>\n\t\t\t\t\t<\/a>\n\t\t\t\t<\/div>\n\t\t\t\t\t\t\t\t<\/div>\n\t\t\t\t<\/div>\n\t\t\t\t<\/div>\n\t\t<div class=\"elementor-element elementor-element-717f9ea1 e-con-full e-flex e-con e-child\" data-id=\"717f9ea1\" data-element_type=\"container\" data-e-type=\"container\">\n\t\t\t\t<div class=\"elementor-element elementor-element-3953d798 elementor-widget elementor-widget-image\" data-id=\"3953d798\" data-element_type=\"widget\" data-e-type=\"widget\" data-widget_type=\"image.default\">\n\t\t\t\t<div class=\"elementor-widget-container\">\n\t\t\t\t\t\t\t\t\t\t\t\t\t\t\t<img decoding=\"async\" width=\"800\" height=\"534\" src=\"https:\/\/i0.wp.com\/essentialforbusiness.com\/wp-content\/uploads\/2024\/11\/pexels-thisisengineering-3861958-scaled.jpg?fit=800%2C534&amp;ssl=1\" class=\"attachment-large size-large wp-image-2339\" alt=\"\" srcset=\"https:\/\/i0.wp.com\/essentialforbusiness.com\/wp-content\/uploads\/2024\/11\/pexels-thisisengineering-3861958-scaled.jpg?w=2560&amp;ssl=1 2560w, https:\/\/i0.wp.com\/essentialforbusiness.com\/wp-content\/uploads\/2024\/11\/pexels-thisisengineering-3861958-scaled.jpg?resize=300%2C200&amp;ssl=1 300w, https:\/\/i0.wp.com\/essentialforbusiness.com\/wp-content\/uploads\/2024\/11\/pexels-thisisengineering-3861958-scaled.jpg?resize=1024%2C683&amp;ssl=1 1024w, https:\/\/i0.wp.com\/essentialforbusiness.com\/wp-content\/uploads\/2024\/11\/pexels-thisisengineering-3861958-scaled.jpg?resize=768%2C512&amp;ssl=1 768w, https:\/\/i0.wp.com\/essentialforbusiness.com\/wp-content\/uploads\/2024\/11\/pexels-thisisengineering-3861958-scaled.jpg?resize=1536%2C1025&amp;ssl=1 1536w, https:\/\/i0.wp.com\/essentialforbusiness.com\/wp-content\/uploads\/2024\/11\/pexels-thisisengineering-3861958-scaled.jpg?resize=2048%2C1366&amp;ssl=1 2048w, https:\/\/i0.wp.com\/essentialforbusiness.com\/wp-content\/uploads\/2024\/11\/pexels-thisisengineering-3861958-scaled.jpg?w=1600&amp;ssl=1 1600w, https:\/\/i0.wp.com\/essentialforbusiness.com\/wp-content\/uploads\/2024\/11\/pexels-thisisengineering-3861958-scaled.jpg?w=2400&amp;ssl=1 2400w\" sizes=\"(max-width: 800px) 100vw, 800px\" title=\"\">\t\t\t\t\t\t\t\t\t\t\t\t\t\t\t<\/div>\n\t\t\t\t<\/div>\n\t\t\t\t<\/div>\n\t\t\t\t<\/div>\n\t\t<div class=\"elementor-element elementor-element-9b3c3ec e-con-full e-flex e-con e-parent\" data-id=\"9b3c3ec\" data-element_type=\"container\" data-e-type=\"container\" data-settings=\"{&quot;background_background&quot;:&quot;classic&quot;}\">\n\t\t<div class=\"elementor-element elementor-element-3784f8c8 e-con-full e-flex e-con e-child\" data-id=\"3784f8c8\" data-element_type=\"container\" data-e-type=\"container\">\n\t\t\t\t<div class=\"elementor-element elementor-element-4d784b3e elementor-widget elementor-widget-heading\" data-id=\"4d784b3e\" data-element_type=\"widget\" data-e-type=\"widget\" data-widget_type=\"heading.default\">\n\t\t\t\t<div class=\"elementor-widget-container\">\n\t\t\t\t\t<h2 class=\"elementor-heading-title elementor-size-default\">Formaci\u00f3 bonificada<\/h2>\t\t\t\t<\/div>\n\t\t\t\t<\/div>\n\t\t\t\t<div class=\"elementor-element elementor-element-231666f3 elementor-widget elementor-widget-text-editor\" data-id=\"231666f3\" data-element_type=\"widget\" data-e-type=\"widget\" data-widget_type=\"text-editor.default\">\n\t\t\t\t<div class=\"elementor-widget-container\">\n\t\t\t\t\t\t\t\t\t<p>A trav\u00e9s de la bonificaci\u00f3 FUNDAE, facilitem l&#8217;acc\u00e9s a cursos d&#8217;idiomes per als teus empleats, maximitzant la teva inversi\u00f3 en talent i potenciant les habilitats comunicatives del teu equip sense inc\u00f3rrer en costos alts.<\/p>\n\t\t\t\t\t\t\t\t<\/div>\n\t\t\t\t<\/div>\n\t\t\t\t<div class=\"elementor-element elementor-element-7f8e938 elementor-widget elementor-widget-button\" data-id=\"7f8e938\" data-element_type=\"widget\" data-e-type=\"widget\" data-widget_type=\"button.default\">\n\t\t\t\t<div class=\"elementor-widget-container\">\n\t\t\t\t\t\t\t\t\t<div class=\"elementor-button-wrapper\">\n\t\t\t\t\t<a class=\"elementor-button elementor-button-link elementor-size-sm\" href=\"https:\/\/essentialforbusiness.com\/blog\/post\/cursos-bonificados-fundae-mejora-la-formacion-de-tus-empleados-con-essential-for-business\">\n\t\t\t\t\t\t<span class=\"elementor-button-content-wrapper\">\n\t\t\t\t\t\t\t\t\t<span class=\"elementor-button-text\">Acc\u00e9s<\/span>\n\t\t\t\t\t<\/span>\n\t\t\t\t\t<\/a>\n\t\t\t\t<\/div>\n\t\t\t\t\t\t\t\t<\/div>\n\t\t\t\t<\/div>\n\t\t\t\t<\/div>\n\t\t<div class=\"elementor-element elementor-element-a29198d e-con-full e-flex e-con e-child\" data-id=\"a29198d\" data-element_type=\"container\" data-e-type=\"container\">\n\t\t\t\t<div class=\"elementor-element elementor-element-5085c4ee elementor-widget elementor-widget-image\" data-id=\"5085c4ee\" data-element_type=\"widget\" data-e-type=\"widget\" data-widget_type=\"image.default\">\n\t\t\t\t<div class=\"elementor-widget-container\">\n\t\t\t\t\t\t\t\t\t\t\t\t\t\t\t<img decoding=\"async\" width=\"252\" height=\"253\" src=\"https:\/\/essentialforbusiness.com\/wp-content\/uploads\/2024\/11\/logo_fundae.svg\" class=\"attachment-large size-large wp-image-2487\" alt=\"\" title=\"\">\t\t\t\t\t\t\t\t\t\t\t\t\t\t\t<\/div>\n\t\t\t\t<\/div>\n\t\t\t\t<\/div>\n\t\t\t\t<\/div>\n\t\t<div class=\"elementor-element elementor-element-442395d1 e-con-full e-flex e-con e-parent\" data-id=\"442395d1\" data-element_type=\"container\" data-e-type=\"container\" data-settings=\"{&quot;background_background&quot;:&quot;classic&quot;}\">\n\t\t<div class=\"elementor-element elementor-element-2ee6d23d e-con-full e-flex e-con e-child\" data-id=\"2ee6d23d\" data-element_type=\"container\" data-e-type=\"container\">\n\t\t\t\t<div class=\"elementor-element elementor-element-419a5f76 elementor-widget elementor-widget-heading\" data-id=\"419a5f76\" data-element_type=\"widget\" data-e-type=\"widget\" data-widget_type=\"heading.default\">\n\t\t\t\t<div class=\"elementor-widget-container\">\n\t\t\t\t\t<h2 class=\"elementor-heading-title elementor-size-default\">Experi\u00e8ncies Immersives<\/h2>\t\t\t\t<\/div>\n\t\t\t\t<\/div>\n\t\t\t\t<div class=\"elementor-element elementor-element-7d79474e elementor-widget elementor-widget-text-editor\" data-id=\"7d79474e\" data-element_type=\"widget\" data-e-type=\"widget\" data-widget_type=\"text-editor.default\">\n\t\t\t\t<div class=\"elementor-widget-container\">\n\t\t\t\t\t\t\t\t\t<p>Millora les habilitats ling\u00fc\u00edstiques del teu equip en temps r\u00e8cord. Les nostres experi\u00e8ncies immersives permeten una immersi\u00f3 total a l&#8217;idioma, amb activitats pr\u00e0ctiques i contextos de negocis reals per a un progr\u00e9s accelerat. <\/p>\n\t\t\t\t\t\t\t\t<\/div>\n\t\t\t\t<\/div>\n\t\t\t\t<div class=\"elementor-element elementor-element-131afbf elementor-widget elementor-widget-button\" data-id=\"131afbf\" data-element_type=\"widget\" data-e-type=\"widget\" data-widget_type=\"button.default\">\n\t\t\t\t<div class=\"elementor-widget-container\">\n\t\t\t\t\t\t\t\t\t<div class=\"elementor-button-wrapper\">\n\t\t\t\t\t<a class=\"elementor-button elementor-button-link elementor-size-sm\" href=\"#\">\n\t\t\t\t\t\t<span class=\"elementor-button-content-wrapper\">\n\t\t\t\t\t\t\t\t\t<span class=\"elementor-button-text\">Acc\u00e9s<\/span>\n\t\t\t\t\t<\/span>\n\t\t\t\t\t<\/a>\n\t\t\t\t<\/div>\n\t\t\t\t\t\t\t\t<\/div>\n\t\t\t\t<\/div>\n\t\t\t\t<\/div>\n\t\t<div class=\"elementor-element elementor-element-105a79a8 e-con-full e-flex e-con e-child\" data-id=\"105a79a8\" data-element_type=\"container\" data-e-type=\"container\">\n\t\t\t\t<div class=\"elementor-element elementor-element-f5d88be elementor-widget elementor-widget-image\" data-id=\"f5d88be\" data-element_type=\"widget\" data-e-type=\"widget\" data-widget_type=\"image.default\">\n\t\t\t\t<div class=\"elementor-widget-container\">\n\t\t\t\t\t\t\t\t\t\t\t\t\t\t\t<img loading=\"lazy\" decoding=\"async\" width=\"800\" height=\"545\" src=\"https:\/\/i0.wp.com\/essentialforbusiness.com\/wp-content\/uploads\/2024\/11\/pexels-olly-837129-scaled.jpg?fit=800%2C545&amp;ssl=1\" class=\"attachment-large size-large wp-image-2645\" alt=\"\" title=\"\">\t\t\t\t\t\t\t\t\t\t\t\t\t\t\t<\/div>\n\t\t\t\t<\/div>\n\t\t\t\t<\/div>\n\t\t\t\t<\/div>\n\t\t<div class=\"elementor-element elementor-element-769fb3f6 e-con-full e-flex e-con e-parent\" data-id=\"769fb3f6\" data-element_type=\"container\" data-e-type=\"container\" data-settings=\"{&quot;background_background&quot;:&quot;classic&quot;}\">\n\t\t<div class=\"elementor-element elementor-element-b148819 e-con-full e-flex e-con e-child\" data-id=\"b148819\" data-element_type=\"container\" data-e-type=\"container\">\n\t\t\t\t<div class=\"elementor-element elementor-element-61dff46d elementor-widget elementor-widget-heading\" data-id=\"61dff46d\" data-element_type=\"widget\" data-e-type=\"widget\" data-widget_type=\"heading.default\">\n\t\t\t\t<div class=\"elementor-widget-container\">\n\t\t\t\t\t<h2 class=\"elementor-heading-title elementor-size-default\">Ex\u00e0mens oficials i certificacions<\/h2>\t\t\t\t<\/div>\n\t\t\t\t<\/div>\n\t\t\t\t<div class=\"elementor-element elementor-element-6d555af3 elementor-widget elementor-widget-text-editor\" data-id=\"6d555af3\" data-element_type=\"widget\" data-e-type=\"widget\" data-widget_type=\"text-editor.default\">\n\t\t\t\t<div class=\"elementor-widget-container\">\n\t\t\t\t\t\t\t\t\t<p>Prepara&#8217;t per a ex\u00e0mens oficials amb els nostres cursos de certificaci\u00f3. Oferim formaci\u00f3 per a proves reconegudes com TOEIC, TOEFL i m\u00e9s, brindant als teus empleats un avantatge certificat a nivell global. <\/p>\n\t\t\t\t\t\t\t\t<\/div>\n\t\t\t\t<\/div>\n\t\t\t\t<div class=\"elementor-element elementor-element-2be19ff elementor-widget elementor-widget-button\" data-id=\"2be19ff\" data-element_type=\"widget\" data-e-type=\"widget\" data-widget_type=\"button.default\">\n\t\t\t\t<div class=\"elementor-widget-container\">\n\t\t\t\t\t\t\t\t\t<div class=\"elementor-button-wrapper\">\n\t\t\t\t\t<a class=\"elementor-button elementor-button-link elementor-size-sm\" href=\"#\">\n\t\t\t\t\t\t<span class=\"elementor-button-content-wrapper\">\n\t\t\t\t\t\t\t\t\t<span class=\"elementor-button-text\">Acc\u00e9s<\/span>\n\t\t\t\t\t<\/span>\n\t\t\t\t\t<\/a>\n\t\t\t\t<\/div>\n\t\t\t\t\t\t\t\t<\/div>\n\t\t\t\t<\/div>\n\t\t\t\t<\/div>\n\t\t<div class=\"elementor-element elementor-element-52fbfc5b e-con-full e-flex e-con e-child\" data-id=\"52fbfc5b\" data-element_type=\"container\" data-e-type=\"container\">\n\t\t\t\t<div class=\"elementor-element elementor-element-431bebc8 elementor-widget elementor-widget-image\" data-id=\"431bebc8\" data-element_type=\"widget\" data-e-type=\"widget\" data-widget_type=\"image.default\">\n\t\t\t\t<div class=\"elementor-widget-container\">\n\t\t\t\t\t\t\t\t\t\t\t\t\t\t\t<img loading=\"lazy\" decoding=\"async\" width=\"683\" height=\"1024\" src=\"https:\/\/i0.wp.com\/essentialforbusiness.com\/wp-content\/uploads\/2024\/11\/pexels-cottonbro-6209553-scaled.jpg?fit=683%2C1024&amp;ssl=1\" class=\"attachment-large size-large wp-image-2647\" alt=\"\" title=\"\">\t\t\t\t\t\t\t\t\t\t\t\t\t\t\t<\/div>\n\t\t\t\t<\/div>\n\t\t\t\t<\/div>\n\t\t\t\t<\/div>\n\t\t<div class=\"elementor-element elementor-element-b8840d6 e-flex e-con-boxed e-con e-parent\" data-id=\"b8840d6\" data-element_type=\"container\" data-e-type=\"container\">\n\t\t\t\t\t<div class=\"e-con-inner\">\n\t\t\t\t<div class=\"elementor-element elementor-element-20757540 elementor-widget elementor-widget-heading\" data-id=\"20757540\" data-element_type=\"widget\" data-e-type=\"widget\" data-widget_type=\"heading.default\">\n\t\t\t\t<div class=\"elementor-widget-container\">\n\t\t\t\t\t<h3 class=\"elementor-heading-title elementor-size-default\">No saps per on comen\u00e7ar?<\/h3>\t\t\t\t<\/div>\n\t\t\t\t<\/div>\n\t\t\t\t<div class=\"elementor-element elementor-element-7a5e9107 elementor-widget elementor-widget-text-editor\" data-id=\"7a5e9107\" data-element_type=\"widget\" data-e-type=\"widget\" data-widget_type=\"text-editor.default\">\n\t\t\t\t<div class=\"elementor-widget-container\">\n\t\t\t\t\t\t\t\t\t<p>Contacta&#8217;ns i t&#8217;ajudem a trobar la soluci\u00f3 de formaci\u00f3 ling\u00fc\u00edstica ideal per a la teva empresa.<\/p>\n\t\t\t\t\t\t\t\t<\/div>\n\t\t\t\t<\/div>\n\t\t\t\t<div class=\"elementor-element elementor-element-3877f236 elementor-align-center elementor-mobile-align-center elementor-widget elementor-widget-button\" data-id=\"3877f236\" data-element_type=\"widget\" data-e-type=\"widget\" data-widget_type=\"button.default\">\n\t\t\t\t<div class=\"elementor-widget-container\">\n\t\t\t\t\t\t\t\t\t<div class=\"elementor-button-wrapper\">\n\t\t\t\t\t<a class=\"elementor-button elementor-button-link elementor-size-sm\" href=\"https:\/\/essentialforbusiness.com\/ca\/contacte\">\n\t\t\t\t\t\t<span class=\"elementor-button-content-wrapper\">\n\t\t\t\t\t\t\t\t\t<span class=\"elementor-button-text\">Contacta'ns<\/span>\n\t\t\t\t\t<\/span>\n\t\t\t\t\t<\/a>\n\t\t\t\t<\/div>\n\t\t\t\t\t\t\t\t<\/div>\n\t\t\t\t<\/div>\n\t\t\t\t\t<\/div>\n\t\t\t\t<\/div>\n\t\t\t\t<\/div>\n\t\t","protected":false},"excerpt":{"rendered":"<p>Fet per professionals, Per a professionals Explora les nostres solucions i troba l&#8217;enfocament que s&#8217;adapti millor als teus objectius. Formaci\u00f3 en idiomes per a empreses Els nostres cursos estan pensats per desenvolupar habilitats ling\u00fc\u00edstiques adaptades al context empresarial, assegurant una comunicaci\u00f3 efectiva en qualsevol idioma i entorn professional. Acc\u00e9s Enfocament per Sector Entenem els matisos [&hellip;]<\/p>\n","protected":false},"author":1,"featured_media":0,"parent":0,"menu_order":0,"comment_status":"closed","ping_status":"closed","template":"","meta":{"_monsterinsights_skip_tracking":false,"_monsterinsights_sitenote_active":false,"_monsterinsights_sitenote_note":"","_monsterinsights_sitenote_category":0,"_uf_show_specific_survey":0,"_uf_disable_surveys":false,"footnotes":""},"class_list":["post-2785","page","type-page","status-publish","hentry"],"_links":{"self":[{"href":"https:\/\/essentialforbusiness.com\/ca\/wp-json\/wp\/v2\/pages\/2785","targetHints":{"allow":["GET"]}}],"collection":[{"href":"https:\/\/essentialforbusiness.com\/ca\/wp-json\/wp\/v2\/pages"}],"about":[{"href":"https:\/\/essentialforbusiness.com\/ca\/wp-json\/wp\/v2\/types\/page"}],"author":[{"embeddable":true,"href":"https:\/\/essentialforbusiness.com\/ca\/wp-json\/wp\/v2\/users\/1"}],"replies":[{"embeddable":true,"href":"https:\/\/essentialforbusiness.com\/ca\/wp-json\/wp\/v2\/comments?post=2785"}],"version-history":[{"count":2,"href":"https:\/\/essentialforbusiness.com\/ca\/wp-json\/wp\/v2\/pages\/2785\/revisions"}],"predecessor-version":[{"id":3226,"href":"https:\/\/essentialforbusiness.com\/ca\/wp-json\/wp\/v2\/pages\/2785\/revisions\/3226"}],"wp:attachment":[{"href":"https:\/\/essentialforbusiness.com\/ca\/wp-json\/wp\/v2\/media?parent=2785"}],"curies":[{"name":"wp","href":"https:\/\/api.w.org\/{rel}","templated":true}]}}