{"id":2928,"date":"2024-11-03T12:26:36","date_gmt":"2024-11-03T11:26:36","guid":{"rendered":"https:\/\/essentialforbusiness.com\/crea-el-teu-programa"},"modified":"2024-11-06T11:34:04","modified_gmt":"2024-11-06T10:34:04","slug":"crea-el-teu-programa","status":"publish","type":"page","link":"https:\/\/essentialforbusiness.com\/ca\/com-ho-fem\/crea-el-teu-programa","title":{"rendered":"Crea el teu programa"},"content":{"rendered":"\t\t<div data-elementor-type=\"wp-page\" data-elementor-id=\"2928\" class=\"elementor elementor-2928 elementor-1118\" data-elementor-post-type=\"page\">\n\t\t\t\t<div class=\"elementor-element elementor-element-6aa57ce8 e-con-full e-flex e-con e-parent\" data-id=\"6aa57ce8\" data-element_type=\"container\" data-e-type=\"container\" data-settings=\"{&quot;background_background&quot;:&quot;classic&quot;}\">\n\t\t\t\t<div class=\"elementor-element elementor-element-363ccc14 elementor-widget elementor-widget-heading\" data-id=\"363ccc14\" data-element_type=\"widget\" data-e-type=\"widget\" data-widget_type=\"heading.default\">\n\t\t\t\t<div class=\"elementor-widget-container\">\n\t\t\t\t\t<h1 class=\"elementor-heading-title elementor-size-default\">Crea el teu Curs a mida: Personalitzaci\u00f3 al Servei del teu \u00c8xit Professional<\/h1>\t\t\t\t<\/div>\n\t\t\t\t<\/div>\n\t\t\t\t<div class=\"elementor-element elementor-element-732d9744 elementor-align-center elementor-widget elementor-widget-button\" data-id=\"732d9744\" data-element_type=\"widget\" data-e-type=\"widget\" data-widget_type=\"button.default\">\n\t\t\t\t<div class=\"elementor-widget-container\">\n\t\t\t\t\t\t\t\t\t<div class=\"elementor-button-wrapper\">\n\t\t\t\t\t<a class=\"elementor-button elementor-button-link elementor-size-sm\" href=\"#client1\">\n\t\t\t\t\t\t<span class=\"elementor-button-content-wrapper\">\n\t\t\t\t\t\t\t\t\t<span class=\"elementor-button-text\">Descobreix la nostra proposta<\/span>\n\t\t\t\t\t<\/span>\n\t\t\t\t\t<\/a>\n\t\t\t\t<\/div>\n\t\t\t\t\t\t\t\t<\/div>\n\t\t\t\t<\/div>\n\t\t\t\t<\/div>\n\t\t\t\t<section class=\"elementor-section elementor-top-section elementor-element elementor-element-2e7c336a elementor-section-content-middle elementor-section-boxed elementor-section-height-default elementor-section-height-default\" data-id=\"2e7c336a\" data-element_type=\"section\" data-e-type=\"section\">\n\t\t\t\t\t\t<div class=\"elementor-container elementor-column-gap-default\">\n\t\t\t\t\t<div class=\"elementor-column elementor-col-50 elementor-top-column elementor-element elementor-element-5142eae7\" data-id=\"5142eae7\" data-element_type=\"column\" data-e-type=\"column\">\n\t\t\t<div class=\"elementor-widget-wrap elementor-element-populated\">\n\t\t\t\t\t\t<div class=\"elementor-element elementor-element-6fcf8e9e elementor-widget elementor-widget-elementskit-heading\" data-id=\"6fcf8e9e\" data-element_type=\"widget\" data-e-type=\"widget\" data-widget_type=\"elementskit-heading.default\">\n\t\t\t\t<div class=\"elementor-widget-container\">\n\t\t\t\t\t<div class=\"ekit-wid-con\" ><div class=\"ekit-heading elementskit-section-title-wraper text_left   ekit_heading_tablet-   ekit_heading_mobile-text_center\"><h2 class=\"ekit-heading--title elementskit-section-title \">  Cursos d'Idiomes <span><span>Fets a Mida <\/span><\/span><\/h2>\t\t\t\t<div class='ekit-heading__description'>\n\t\t\t\t\t<p class=\"font_7 wixui-rich-text__text\"><span class=\"wixui-rich-text__text\">A Essential for Business, entenem que l'\u00e8xit en l'aprenentatge d'idiomes per a empreses es basa en la personalitzaci\u00f3. Selecciona de m\u00e9s de 400 situacions per construir un programa d'aprenentatge \u00fanic, dissenyat per alinear-se perfectament amb els teus objectius i desafiaments a l'entorn empresarial. <\/span><\/p>\n\t\t\t\t<\/div>\n\t\t\t<\/div><\/div>\t\t\t\t<\/div>\n\t\t\t\t<\/div>\n\t\t\t\t\t<\/div>\n\t\t<\/div>\n\t\t\t\t<div class=\"elementor-column elementor-col-50 elementor-top-column elementor-element elementor-element-2382a0af\" data-id=\"2382a0af\" data-element_type=\"column\" data-e-type=\"column\">\n\t\t\t<div class=\"elementor-widget-wrap elementor-element-populated\">\n\t\t\t\t\t\t<div class=\"elementor-element elementor-element-28d2caae elementor-widget elementor-widget-elementskit-lottie\" data-id=\"28d2caae\" data-element_type=\"widget\" data-e-type=\"widget\" data-widget_type=\"elementskit-lottie.default\">\n\t\t\t\t<div class=\"elementor-widget-container\">\n\t\t\t\t\t<div class=\"ekit-wid-con\" ><div id=\"ekit_lottie_28d2caae\" class=\"ekit_lottie\" data-autoplay=\"true\" data-on-scroll=\"\" data-speed=\"1\" data-direction=\"\" data-action=\"\" data-renderer=\"svg\" data-path=\"https:\/\/essentialforbusiness.com\/wp-content\/uploads\/2024\/11\/rocket-launch.json\" data-loop=\"true\">&nbsp;<\/div><\/div>\t\t\t\t<\/div>\n\t\t\t\t<\/div>\n\t\t\t\t\t<\/div>\n\t\t<\/div>\n\t\t\t\t\t<\/div>\n\t\t<\/section>\n\t\t<div class=\"elementor-element elementor-element-62edcd1 e-flex e-con-boxed e-con e-parent\" data-id=\"62edcd1\" data-element_type=\"container\" data-e-type=\"container\">\n\t\t\t\t\t<div class=\"e-con-inner\">\n\t\t\t\t<div class=\"elementor-element elementor-element-b10eb89 elementor-widget elementor-widget-heading\" data-id=\"b10eb89\" data-element_type=\"widget\" data-e-type=\"widget\" data-widget_type=\"heading.default\">\n\t\t\t\t<div class=\"elementor-widget-container\">\n\t\t\t\t\t<h2 class=\"elementor-heading-title elementor-size-default\">Escull entre les m\u00e9s de 400 situacions<\/h2>\t\t\t\t<\/div>\n\t\t\t\t<\/div>\n\t\t\t\t\t<\/div>\n\t\t\t\t<\/div>\n\t\t<div class=\"elementor-element elementor-element-45af2a9 e-flex e-con-boxed e-con e-parent\" data-id=\"45af2a9\" data-element_type=\"container\" data-e-type=\"container\">\n\t\t\t\t\t<div class=\"e-con-inner\">\n\t\t\t\t\t<\/div>\n\t\t\t\t<\/div>\n\t\t\t\t<section class=\"elementor-section elementor-top-section elementor-element elementor-element-27e82562 elementor-section-boxed elementor-section-height-default elementor-section-height-default\" data-id=\"27e82562\" data-element_type=\"section\" data-e-type=\"section\">\n\t\t\t\t\t\t<div class=\"elementor-container elementor-column-gap-default\">\n\t\t\t\t\t<div class=\"elementor-column elementor-col-100 elementor-top-column elementor-element elementor-element-3553099\" data-id=\"3553099\" data-element_type=\"column\" data-e-type=\"column\">\n\t\t\t<div class=\"elementor-widget-wrap elementor-element-populated\">\n\t\t\t\t\t\t<div class=\"elementor-element elementor-element-1f34e4c0 elementor-widget elementor-widget-elementskit-heading\" data-id=\"1f34e4c0\" data-element_type=\"widget\" data-e-type=\"widget\" data-widget_type=\"elementskit-heading.default\">\n\t\t\t\t<div class=\"elementor-widget-container\">\n\t\t\t\t\t<div class=\"ekit-wid-con\" ><div class=\"ekit-heading elementskit-section-title-wraper text_center   ekit_heading_tablet-   ekit_heading_mobile-\"><h2 class=\"ekit-heading--title elementskit-section-title \">El nostre Comprom\u00eds, <span>El teu \u00c8xit<\/span><\/h2>\t\t\t\t<div class='ekit-heading__description'>\n\t\t\t\t\t\n<div class=\"\">\n<div>\n<div class=\"HcOXKn c9GqVL QxJLC3 lq2cno comp-lu4b3n8q wixui-rich-text\">\n<p class=\"font_7 wixui-rich-text__text\">Volem ser m\u00e9s que un prove\u00efdor de <span class=\"wixui-rich-text__text\">cursos d'idiomes per a empreses<\/span> ; aspirem a convertir-nos en una extensi\u00f3 indispensable del teu equip professional. A trav\u00e9s de <span class=\"wixui-rich-text__text\">cursos de formaci\u00f3 bonificada<\/span> i un enfocament multiling\u00fc\u00edstic, ens esforcem per ser el recurs definitiu que potencia la teva carrera i la comunicaci\u00f3 global de la teva empresa. <\/p>\n<\/div>\n<\/div>\n<\/div>\n\n\n<div class=\"MW5IWV\"> <\/div>\n\n\t\t\t\t<\/div>\n\t\t\t<\/div><\/div>\t\t\t\t<\/div>\n\t\t\t\t<\/div>\n\t\t\t\t<section class=\"elementor-section elementor-inner-section elementor-element elementor-element-59e92a58 elementor-section-content-bottom elementor-section-boxed elementor-section-height-default elementor-section-height-default\" data-id=\"59e92a58\" data-element_type=\"section\" data-e-type=\"section\">\n\t\t\t\t\t\t<div class=\"elementor-container elementor-column-gap-default\">\n\t\t\t\t\t<div class=\"elementor-column elementor-col-33 elementor-inner-column elementor-element elementor-element-55091c10\" data-id=\"55091c10\" data-element_type=\"column\" data-e-type=\"column\">\n\t\t\t<div class=\"elementor-widget-wrap elementor-element-populated\">\n\t\t\t\t\t\t<div class=\"elementor-element elementor-element-560c6bf4 ekit-equal-height-disable elementor-widget elementor-widget-elementskit-icon-box\" data-id=\"560c6bf4\" data-element_type=\"widget\" data-e-type=\"widget\" data-widget_type=\"elementskit-icon-box.default\">\n\t\t\t\t<div class=\"elementor-widget-container\">\n\t\t\t\t\t<div class=\"ekit-wid-con\" >        <!-- link opening -->\n                <!-- end link opening -->\n\n        <div class=\"elementskit-infobox text-center text- icon-top-align elementor-animation-   \">\n                            <div class=\"elementskit-box-header\">\n                <div class=\"elementskit-info-box-icon \">\n                    <img decoding=\"async\" width=\"131\" height=\"127\" src=\"https:\/\/essentialforbusiness.com\/wp-content\/uploads\/2024\/10\/isotip.svg\" class=\"attachment- size-\" alt=\"\" title=\"\">                <\/div>\n          <\/div>\n                <div class=\"box-body\">\n                            <h3 class=\"elementskit-info-box-title\">\n                    El nostre M\u00e8tode Personalitzat de Formaci\u00f3 Ling\u00fc\u00edstica                <\/h3>\n                        \t\t  \t<p>El nostre m\u00e8tode combina an\u00e0lisis de necessitats, classes pr\u00e0ctiques i avaluaci\u00f3 constant per a un aprenentatge efectiu i aplicable a l'entorn professional.<\/p>\n                                        <div class=\"box-footer disable_hover_button\">\n                    <div class=\"btn-wraper\">\n                                                            <a class=\"elementskit-btn whitespace--normal\" href=\"https:\/\/essentialforbusiness.com\/como-lo-hacemos-idiomas-empresas\/cursos-idiomas-empresas-hablar-como-nativo\">\n                                                                                Llegir M\u00e9s                                    <\/a>\n                                                        <\/div>\n                <\/div>\n                    <\/div>\n        \n        \n                <\/div>\n        <\/div>\t\t\t\t<\/div>\n\t\t\t\t<\/div>\n\t\t\t\t\t<\/div>\n\t\t<\/div>\n\t\t\t\t<div class=\"elementor-column elementor-col-33 elementor-inner-column elementor-element elementor-element-c688f10\" data-id=\"c688f10\" data-element_type=\"column\" data-e-type=\"column\">\n\t\t\t<div class=\"elementor-widget-wrap elementor-element-populated\">\n\t\t\t\t\t\t<div class=\"elementor-element elementor-element-3b2ccec ekit-equal-height-disable elementor-widget elementor-widget-elementskit-icon-box\" data-id=\"3b2ccec\" data-element_type=\"widget\" data-e-type=\"widget\" data-widget_type=\"elementskit-icon-box.default\">\n\t\t\t\t<div class=\"elementor-widget-container\">\n\t\t\t\t\t<div class=\"ekit-wid-con\" >        <!-- link opening -->\n                <!-- end link opening -->\n\n        <div class=\"elementskit-infobox text-center text- icon-top-align elementor-animation-   \">\n                            <div class=\"elementskit-box-header\">\n                <div class=\"elementskit-info-box-icon \">\n                    <img data-recalc-dims=\"1\" fetchpriority=\"high\" decoding=\"async\" width=\"512\" height=\"512\" src=\"https:\/\/i0.wp.com\/essentialforbusiness.com\/wp-content\/uploads\/2024\/11\/pill-6.png?resize=512%2C512&#038;ssl=1\" class=\"attachment- size-\" alt=\"\" srcset=\"https:\/\/i0.wp.com\/essentialforbusiness.com\/wp-content\/uploads\/2024\/11\/pill-6.png?w=512&amp;ssl=1 512w, https:\/\/i0.wp.com\/essentialforbusiness.com\/wp-content\/uploads\/2024\/11\/pill-6.png?resize=300%2C300&amp;ssl=1 300w, https:\/\/i0.wp.com\/essentialforbusiness.com\/wp-content\/uploads\/2024\/11\/pill-6.png?resize=150%2C150&amp;ssl=1 150w\" sizes=\"(max-width: 512px) 100vw, 512px\" title=\"\">                <\/div>\n          <\/div>\n                <div class=\"box-body\">\n                            <h3 class=\"elementskit-info-box-title\">\n                    efbPills: Microc\u00e0psules d&#039;aprenentatge amb IA                <\/h3>\n                        \t\t  \t<p>Accedeix a lli\u00e7ons breus i dirigides, amb intel\u00b7lig\u00e8ncia artificial que analitza la teva pronunciaci\u00f3 i en refor\u00e7a la pr\u00e0ctica en temps real.\n\n<\/p>\n                                        <div class=\"box-footer disable_hover_button\">\n                    <div class=\"btn-wraper\">\n                                                            <a class=\"elementskit-btn whitespace--normal\" href=\"https:\/\/essentialforbusiness.com\/como-lo-hacemos-idiomas-empresas\/efbpills\">\n                                                                                Llegir M\u00e9s                                    <\/a>\n                                                        <\/div>\n                <\/div>\n                    <\/div>\n        \n        \n                <\/div>\n        <\/div>\t\t\t\t<\/div>\n\t\t\t\t<\/div>\n\t\t\t\t\t<\/div>\n\t\t<\/div>\n\t\t\t\t<div class=\"elementor-column elementor-col-33 elementor-inner-column elementor-element elementor-element-e432054\" data-id=\"e432054\" data-element_type=\"column\" data-e-type=\"column\">\n\t\t\t<div class=\"elementor-widget-wrap elementor-element-populated\">\n\t\t\t\t\t\t<div class=\"elementor-element elementor-element-4fd491a ekit-equal-height-disable elementor-widget elementor-widget-elementskit-icon-box\" data-id=\"4fd491a\" data-element_type=\"widget\" data-e-type=\"widget\" data-widget_type=\"elementskit-icon-box.default\">\n\t\t\t\t<div class=\"elementor-widget-container\">\n\t\t\t\t\t<div class=\"ekit-wid-con\" >        <!-- link opening -->\n                <!-- end link opening -->\n\n        <div class=\"elementskit-infobox text-center text- icon-top-align elementor-animation-   \">\n                            <div class=\"elementskit-box-header\">\n                <div class=\"elementskit-info-box-icon \">\n                    <img data-recalc-dims=\"1\" decoding=\"async\" width=\"512\" height=\"512\" src=\"https:\/\/i0.wp.com\/essentialforbusiness.com\/wp-content\/uploads\/2024\/11\/next-level.png?resize=512%2C512&#038;ssl=1\" class=\"attachment- size-\" alt=\"\" srcset=\"https:\/\/i0.wp.com\/essentialforbusiness.com\/wp-content\/uploads\/2024\/11\/next-level.png?w=512&amp;ssl=1 512w, https:\/\/i0.wp.com\/essentialforbusiness.com\/wp-content\/uploads\/2024\/11\/next-level.png?resize=300%2C300&amp;ssl=1 300w, https:\/\/i0.wp.com\/essentialforbusiness.com\/wp-content\/uploads\/2024\/11\/next-level.png?resize=150%2C150&amp;ssl=1 150w\" sizes=\"(max-width: 512px) 100vw, 512px\" title=\"\">                <\/div>\n          <\/div>\n                <div class=\"box-body\">\n                            <h3 class=\"elementskit-info-box-title\">\n                    Nivells i progressi\u00f3 de l&#039;aprenentatge                <\/h3>\n                        \t\t  \t<p>Seguim una estructura clara de nivells que permet avaluar el progr\u00e9s de cada membre, amb proves peri\u00f2diques que asseguren la millora cont\u00ednua\n<\/p>\n                                        <div class=\"box-footer disable_hover_button\">\n                    <div class=\"btn-wraper\">\n                                                            <a class=\"elementskit-btn whitespace--normal\" href=\"https:\/\/essentialforbusiness.com\/como-lo-hacemos-idiomas-empresas\/test-nivel-ingles-online\">\n                                                                                Llegir M\u00e9s                                    <\/a>\n                                                        <\/div>\n                <\/div>\n                    <\/div>\n        \n        \n                <\/div>\n        <\/div>\t\t\t\t<\/div>\n\t\t\t\t<\/div>\n\t\t\t\t\t<\/div>\n\t\t<\/div>\n\t\t\t\t\t<\/div>\n\t\t<\/section>\n\t\t\t\t\t<\/div>\n\t\t<\/div>\n\t\t\t\t\t<\/div>\n\t\t<\/section>\n\t\t\t\t<section class=\"elementor-section elementor-top-section elementor-element elementor-element-613efdae elementor-section-boxed elementor-section-height-default elementor-section-height-default\" data-id=\"613efdae\" data-element_type=\"section\" data-e-type=\"section\" id=\"xs_cta_style_16\">\n\t\t\t\t\t\t<div class=\"elementor-container elementor-column-gap-default\">\n\t\t\t\t\t<div class=\"elementor-column elementor-col-100 elementor-top-column elementor-element elementor-element-51451f37\" data-id=\"51451f37\" data-element_type=\"column\" data-e-type=\"column\">\n\t\t\t<div class=\"elementor-widget-wrap elementor-element-populated\">\n\t\t\t\t\t\t<section class=\"elementor-section elementor-inner-section elementor-element elementor-element-4c942397 elementor-section-full_width elementor-section-height-default elementor-section-height-default\" data-id=\"4c942397\" data-element_type=\"section\" data-e-type=\"section\">\n\t\t\t\t\t\t<div class=\"elementor-container elementor-column-gap-default\">\n\t\t\t\t\t<div class=\"elementor-column elementor-col-50 elementor-inner-column elementor-element elementor-element-46ca0335\" data-id=\"46ca0335\" data-element_type=\"column\" data-e-type=\"column\">\n\t\t\t<div class=\"elementor-widget-wrap elementor-element-populated\">\n\t\t\t\t\t\t<div class=\"elementor-element elementor-element-6b761c7b elementor-widget elementor-widget-elementskit-heading\" data-id=\"6b761c7b\" data-element_type=\"widget\" data-e-type=\"widget\" data-widget_type=\"elementskit-heading.default\">\n\t\t\t\t<div class=\"elementor-widget-container\">\n\t\t\t\t\t<div class=\"ekit-wid-con\" ><div class=\"ekit-heading elementskit-section-title-wraper text_left   ekit_heading_tablet-   ekit_heading_mobile-\"><h2 class=\"ekit-heading--title elementskit-section-title \">Descobreix com adaptem el nostre enfocament <span> a les teves necessitats.<\/span><\/span><\/h2>\t\t\t\t<div class='ekit-heading__description'>\n\t\t\t\t\t<p>Coneix cada eina en profunditat!<\/p>\n\t\t\t\t<\/div>\n\t\t\t<\/div><\/div>\t\t\t\t<\/div>\n\t\t\t\t<\/div>\n\t\t\t\t\t<\/div>\n\t\t<\/div>\n\t\t\t\t<div class=\"elementor-column elementor-col-50 elementor-inner-column elementor-element elementor-element-331efd66\" data-id=\"331efd66\" data-element_type=\"column\" data-e-type=\"column\">\n\t\t\t<div class=\"elementor-widget-wrap elementor-element-populated\">\n\t\t\t\t\t\t<div class=\"elementor-element elementor-element-17339bea elementor-align-right elementor-align--mobilecenter elementor-widget elementor-widget-elementskit-button\" data-id=\"17339bea\" data-element_type=\"widget\" data-e-type=\"widget\" data-widget_type=\"elementskit-button.default\">\n\t\t\t\t<div class=\"elementor-widget-container\">\n\t\t\t\t\t<div class=\"ekit-wid-con\" >\t\t<div class=\"ekit-btn-wraper\">\n\t\t\t\t\t\t\t<a href=\"https:\/\/essentialforbusiness.com\/contacto-2\" class=\"elementskit-btn  whitespace--normal\" id=\"\">\n\t\t\t\t\tCONTACTA IA\t\t\t\t<\/a>\n\t\t\t\t\t<\/div>\n        <\/div>\t\t\t\t<\/div>\n\t\t\t\t<\/div>\n\t\t\t\t\t<\/div>\n\t\t<\/div>\n\t\t\t\t\t<\/div>\n\t\t<\/section>\n\t\t\t\t\t<\/div>\n\t\t<\/div>\n\t\t\t\t\t<\/div>\n\t\t<\/section>\n\t\t\t\t<\/div>\n\t\t","protected":false},"excerpt":{"rendered":"<p>Crea el teu Curs a mida: Personalitzaci\u00f3 al Servei del teu \u00c8xit Professional Descobreix la nostra proposta Cursos d&#8217;Idiomes Fets a Mida A Essential for Business, entenem que l&#8217;\u00e8xit en l&#8217;aprenentatge d&#8217;idiomes per a empreses es basa en la personalitzaci\u00f3. Selecciona de m\u00e9s de 400 situacions per construir un programa d&#8217;aprenentatge \u00fanic, dissenyat per alinear-se [&hellip;]<\/p>\n","protected":false},"author":1,"featured_media":0,"parent":2933,"menu_order":0,"comment_status":"closed","ping_status":"closed","template":"","meta":{"_monsterinsights_skip_tracking":false,"_monsterinsights_sitenote_active":false,"_monsterinsights_sitenote_note":"","_monsterinsights_sitenote_category":0,"_uf_show_specific_survey":0,"_uf_disable_surveys":false,"footnotes":""},"class_list":["post-2928","page","type-page","status-publish","hentry"],"_links":{"self":[{"href":"https:\/\/essentialforbusiness.com\/ca\/wp-json\/wp\/v2\/pages\/2928","targetHints":{"allow":["GET"]}}],"collection":[{"href":"https:\/\/essentialforbusiness.com\/ca\/wp-json\/wp\/v2\/pages"}],"about":[{"href":"https:\/\/essentialforbusiness.com\/ca\/wp-json\/wp\/v2\/types\/page"}],"author":[{"embeddable":true,"href":"https:\/\/essentialforbusiness.com\/ca\/wp-json\/wp\/v2\/users\/1"}],"replies":[{"embeddable":true,"href":"https:\/\/essentialforbusiness.com\/ca\/wp-json\/wp\/v2\/comments?post=2928"}],"version-history":[{"count":1,"href":"https:\/\/essentialforbusiness.com\/ca\/wp-json\/wp\/v2\/pages\/2928\/revisions"}],"predecessor-version":[{"id":2930,"href":"https:\/\/essentialforbusiness.com\/ca\/wp-json\/wp\/v2\/pages\/2928\/revisions\/2930"}],"up":[{"embeddable":true,"href":"https:\/\/essentialforbusiness.com\/ca\/wp-json\/wp\/v2\/pages\/2933"}],"wp:attachment":[{"href":"https:\/\/essentialforbusiness.com\/ca\/wp-json\/wp\/v2\/media?parent=2928"}],"curies":[{"name":"wp","href":"https:\/\/api.w.org\/{rel}","templated":true}]}}