{"id":2958,"date":"2024-11-03T16:03:03","date_gmt":"2024-11-03T15:03:03","guid":{"rendered":"https:\/\/essentialforbusiness.com\/solucions\/team-building"},"modified":"2024-11-13T11:28:43","modified_gmt":"2024-11-13T10:28:43","slug":"team-building","status":"publish","type":"page","link":"https:\/\/essentialforbusiness.com\/ca\/solucions\/team-building","title":{"rendered":"Team Building"},"content":{"rendered":"\t\t<div data-elementor-type=\"wp-page\" data-elementor-id=\"2958\" class=\"elementor elementor-2958 elementor-1177\" data-elementor-post-type=\"page\">\n\t\t\t\t<div class=\"elementor-element elementor-element-6815e4e3 e-flex e-con-boxed e-con e-parent\" data-id=\"6815e4e3\" data-element_type=\"container\" data-e-type=\"container\" data-settings=\"{&quot;background_background&quot;:&quot;video&quot;,&quot;background_video_link&quot;:&quot;https:\\\/\\\/essentialforbusiness.com\\\/wp-content\\\/uploads\\\/2024\\\/11\\\/5725953-uhd_3840_2160_30fps.mp4&quot;}\">\n\t\t\t\t\t<div class=\"e-con-inner\">\n\t\t<div class=\"elementor-background-video-container elementor-hidden-mobile\">\n\t\t\t\t\t\t\t<video class=\"elementor-background-video-hosted\" role=\"presentation\" autoplay muted playsinline loop><\/video>\n\t\t\t\t\t<\/div>\t\t<div class=\"elementor-element elementor-element-62eba6db elementor-widget elementor-widget-heading\" data-id=\"62eba6db\" data-element_type=\"widget\" data-e-type=\"widget\" data-widget_type=\"heading.default\">\n\t\t\t\t<div class=\"elementor-widget-container\">\n\t\t\t\t\t<h1 class=\"elementor-heading-title elementor-size-default\">Team Building per a Empreses d'Essential for Business<\/h1>\t\t\t\t<\/div>\n\t\t\t\t<\/div>\n\t\t\t\t<div class=\"elementor-element elementor-element-473e0c18 elementor-widget elementor-widget-text-editor\" data-id=\"473e0c18\" data-element_type=\"widget\" data-e-type=\"widget\" data-widget_type=\"text-editor.default\">\n\t\t\t\t<div class=\"elementor-widget-container\">\n\t\t\t\t\t\t\t\t\t<section id=\"comp-lpjrldm1\" class=\"Oqnisf comp-lpjrldm1 wixui-section\" tabindex=\"-1\" data-block-level-container=\"ClassicSection\">\n<div class=\"\" data-mesh-id=\"comp-lpjrldm1inlineContent\" data-testid=\"inline-content\">\n<div data-mesh-id=\"comp-lpjrldm1inlineContent-gridContainer\" data-testid=\"mesh-container-content\">\n<div id=\"comp-lpjrldm4\" class=\"HcOXKn c9GqVL QxJLC3 lq2cno comp-lpjrldm4 wixui-rich-text\" data-testid=\"richTextElement\" data-motion-enter=\"done\">\n<p class=\"font_6 wixui-rich-text__text\"><span class=\"wixui-rich-text__text\">Experi\u00e8ncies que transformen l&#8217;aprenentatge d&#8217;idiomes<\/span><\/p>\n<\/div>\n<\/div>\n<\/div>\n<\/section>\n\t\t\t\t\t\t\t\t<\/div>\n\t\t\t\t<\/div>\n\t\t\t\t\t<\/div>\n\t\t\t\t<\/div>\n\t\t<div class=\"elementor-element elementor-element-19c1ea2a e-con-full e-flex e-con e-parent\" data-id=\"19c1ea2a\" data-element_type=\"container\" data-e-type=\"container\" data-settings=\"{&quot;background_background&quot;:&quot;classic&quot;}\">\n\t\t<div class=\"elementor-element elementor-element-78e990be e-con-full e-flex e-con e-child\" data-id=\"78e990be\" data-element_type=\"container\" data-e-type=\"container\">\n\t\t\t\t<div class=\"elementor-element elementor-element-4d502fbc elementor-widget elementor-widget-heading\" data-id=\"4d502fbc\" data-element_type=\"widget\" data-e-type=\"widget\" data-widget_type=\"heading.default\">\n\t\t\t\t<div class=\"elementor-widget-container\">\n\t\t\t\t\t<h2 class=\"elementor-heading-title elementor-size-default\">Activitats i Tallers Especialitzats per a Empreses<\/h2>\t\t\t\t<\/div>\n\t\t\t\t<\/div>\n\t\t\t\t<div class=\"elementor-element elementor-element-29a5ad41 elementor-widget elementor-widget-text-editor\" data-id=\"29a5ad41\" data-element_type=\"widget\" data-e-type=\"widget\" data-widget_type=\"text-editor.default\">\n\t\t\t\t<div class=\"elementor-widget-container\">\n\t\t\t\t\t\t\t\t\t<p>A m\u00e9s de les nostres activitats de team building, oferim una varietat de tallers especialitzats dissenyats per desenvolupar habilitats espec\u00edfiques dins del teu equip. Des de tallers de comunicaci\u00f3 fins a sessions de desenvolupament de lideratge, el nostre equip est\u00e0 comprom\u00e8s a ajudar la teva empresa a assolir el seu m\u00e0xim potencial. <\/p>\n\t\t\t\t\t\t\t\t<\/div>\n\t\t\t\t<\/div>\n\t\t\t\t<div class=\"elementor-element elementor-element-1972a4c elementor-widget elementor-widget-button\" data-id=\"1972a4c\" data-element_type=\"widget\" data-e-type=\"widget\" data-widget_type=\"button.default\">\n\t\t\t\t<div class=\"elementor-widget-container\">\n\t\t\t\t\t\t\t\t\t<div class=\"elementor-button-wrapper\">\n\t\t\t\t\t<a class=\"elementor-button elementor-button-link elementor-size-sm\" href=\"https:\/\/essentialforbusiness.com\/ca\/solucions\/team-building\/tallers-per-a-empreses\">\n\t\t\t\t\t\t<span class=\"elementor-button-content-wrapper\">\n\t\t\t\t\t\t\t\t\t<span class=\"elementor-button-text\">Acc\u00e9s<\/span>\n\t\t\t\t\t<\/span>\n\t\t\t\t\t<\/a>\n\t\t\t\t<\/div>\n\t\t\t\t\t\t\t\t<\/div>\n\t\t\t\t<\/div>\n\t\t\t\t<\/div>\n\t\t<div class=\"elementor-element elementor-element-77dad39a e-con-full e-flex e-con e-child\" data-id=\"77dad39a\" data-element_type=\"container\" data-e-type=\"container\">\n\t\t\t\t<div class=\"elementor-element elementor-element-1ae4b2b7 elementor-widget elementor-widget-image\" data-id=\"1ae4b2b7\" data-element_type=\"widget\" data-e-type=\"widget\" data-widget_type=\"image.default\">\n\t\t\t\t<div class=\"elementor-widget-container\">\n\t\t\t\t\t\t\t\t\t\t\t\t\t\t\t<img decoding=\"async\" src=\"https:\/\/i0.wp.com\/essentialforbusiness.com\/wp-content\/uploads\/2024\/11\/pexels-zhuhehuai-716281-scaled.jpg?fit=1920%2C1280&#038;ssl=1\" title=\"pexels-zhuhehuai-716281\" alt=\"pexels-zhuhehuai-716281\" loading=\"lazy\" \/>\t\t\t\t\t\t\t\t\t\t\t\t\t\t\t<\/div>\n\t\t\t\t<\/div>\n\t\t\t\t<\/div>\n\t\t\t\t<\/div>\n\t\t<div class=\"elementor-element elementor-element-7137d29a e-con-full e-flex e-con e-parent\" data-id=\"7137d29a\" data-element_type=\"container\" data-e-type=\"container\" data-settings=\"{&quot;background_background&quot;:&quot;classic&quot;}\">\n\t\t<div class=\"elementor-element elementor-element-2f92b82a e-con-full e-flex e-con e-child\" data-id=\"2f92b82a\" data-element_type=\"container\" data-e-type=\"container\">\n\t\t\t\t<div class=\"elementor-element elementor-element-50d003b9 elementor-widget elementor-widget-heading\" data-id=\"50d003b9\" data-element_type=\"widget\" data-e-type=\"widget\" data-widget_type=\"heading.default\">\n\t\t\t\t<div class=\"elementor-widget-container\">\n\t\t\t\t\t<h2 class=\"elementor-heading-title elementor-size-default\">Activitats de Team Building per a Empreses a Barcelona\n<\/h2>\t\t\t\t<\/div>\n\t\t\t\t<\/div>\n\t\t\t\t<div class=\"elementor-element elementor-element-5ba16f93 elementor-widget elementor-widget-text-editor\" data-id=\"5ba16f93\" data-element_type=\"widget\" data-e-type=\"widget\" data-widget_type=\"text-editor.default\">\n\t\t\t\t<div class=\"elementor-widget-container\">\n\t\t\t\t\t\t\t\t\t<p>A Essential for Business, entenem la import\u00e0ncia de construir equips s\u00f2lids. Les nostres activitats de team building estan dissenyades per inspirar el treball en equip, millorar la comunicaci\u00f3 i fomentar un ambient col\u00b7laboratiu. Amb seu a Barcelona, \u200b\u200boferim experi\u00e8ncies \u00faniques que aprofiten la energia vibrant d&#8217;aquesta ciutat din\u00e0mica.  <\/p>\n\t\t\t\t\t\t\t\t<\/div>\n\t\t\t\t<\/div>\n\t\t\t\t<div class=\"elementor-element elementor-element-be46f7d elementor-widget elementor-widget-button\" data-id=\"be46f7d\" data-element_type=\"widget\" data-e-type=\"widget\" data-widget_type=\"button.default\">\n\t\t\t\t<div class=\"elementor-widget-container\">\n\t\t\t\t\t\t\t\t\t<div class=\"elementor-button-wrapper\">\n\t\t\t\t\t<a class=\"elementor-button elementor-button-link elementor-size-sm\" href=\"https:\/\/essentialforbusiness.com\/ca\/solucions\/team-building\/team-cooking-a-idiomes\">\n\t\t\t\t\t\t<span class=\"elementor-button-content-wrapper\">\n\t\t\t\t\t\t\t\t\t<span class=\"elementor-button-text\">Acc\u00e9s<\/span>\n\t\t\t\t\t<\/span>\n\t\t\t\t\t<\/a>\n\t\t\t\t<\/div>\n\t\t\t\t\t\t\t\t<\/div>\n\t\t\t\t<\/div>\n\t\t\t\t<\/div>\n\t\t<div class=\"elementor-element elementor-element-717f9ea1 e-con-full e-flex e-con e-child\" data-id=\"717f9ea1\" data-element_type=\"container\" data-e-type=\"container\">\n\t\t\t\t<div class=\"elementor-element elementor-element-3953d798 elementor-widget elementor-widget-image\" data-id=\"3953d798\" data-element_type=\"widget\" data-e-type=\"widget\" data-widget_type=\"image.default\">\n\t\t\t\t<div class=\"elementor-widget-container\">\n\t\t\t\t\t\t\t\t\t\t\t\t\t\t\t<img fetchpriority=\"high\" decoding=\"async\" width=\"1282\" height=\"1920\" src=\"https:\/\/i0.wp.com\/essentialforbusiness.com\/wp-content\/uploads\/2024\/11\/pexels-fauxels-3184423-scaled.jpg?fit=1282%2C1920&amp;ssl=1\" class=\"attachment-2048x2048 size-2048x2048 wp-image-2649\" alt=\"\" title=\"\">\t\t\t\t\t\t\t\t\t\t\t\t\t\t\t<\/div>\n\t\t\t\t<\/div>\n\t\t\t\t<\/div>\n\t\t\t\t<\/div>\n\t\t<div class=\"elementor-element elementor-element-9b3c3ec e-con-full e-flex e-con e-parent\" data-id=\"9b3c3ec\" data-element_type=\"container\" data-e-type=\"container\" data-settings=\"{&quot;background_background&quot;:&quot;classic&quot;}\">\n\t\t<div class=\"elementor-element elementor-element-3784f8c8 e-con-full e-flex e-con e-child\" data-id=\"3784f8c8\" data-element_type=\"container\" data-e-type=\"container\">\n\t\t\t\t<div class=\"elementor-element elementor-element-4d784b3e elementor-widget elementor-widget-heading\" data-id=\"4d784b3e\" data-element_type=\"widget\" data-e-type=\"widget\" data-widget_type=\"heading.default\">\n\t\t\t\t<div class=\"elementor-widget-container\">\n\t\t\t\t\t<h2 class=\"elementor-heading-title elementor-size-default\">Descobreix el Team Cooking: Una Experi\u00e8ncia Culin\u00e0ria i de Team Building\n<\/h2>\t\t\t\t<\/div>\n\t\t\t\t<\/div>\n\t\t\t\t<div class=\"elementor-element elementor-element-231666f3 elementor-widget elementor-widget-text-editor\" data-id=\"231666f3\" data-element_type=\"widget\" data-e-type=\"widget\" data-widget_type=\"text-editor.default\">\n\t\t\t\t<div class=\"elementor-widget-container\">\n\t\t\t\t\t\t\t\t\t<p>Una de les nostres activitats m\u00e9s populars \u00e9s el Team Cooking, on els equips treballen plegats per preparar delicioses creacions culin\u00e0ries sota la guia dels nostres experts xefs. Aquesta experi\u00e8ncia no nom\u00e9s enforteix la cohesi\u00f3 de l&#8217;equip, sin\u00f3 que tamb\u00e9 fomenta habilitats clau com ara la planificaci\u00f3, la delegaci\u00f3 i la resoluci\u00f3 de problemes. <\/p>\n\t\t\t\t\t\t\t\t<\/div>\n\t\t\t\t<\/div>\n\t\t\t\t<div class=\"elementor-element elementor-element-7f8e938 elementor-widget elementor-widget-button\" data-id=\"7f8e938\" data-element_type=\"widget\" data-e-type=\"widget\" data-widget_type=\"button.default\">\n\t\t\t\t<div class=\"elementor-widget-container\">\n\t\t\t\t\t\t\t\t\t<div class=\"elementor-button-wrapper\">\n\t\t\t\t\t<a class=\"elementor-button elementor-button-link elementor-size-sm\" href=\"https:\/\/essentialforbusiness.com\/ca\/solucions\/team-building\/team-cooking-a-idiomes\">\n\t\t\t\t\t\t<span class=\"elementor-button-content-wrapper\">\n\t\t\t\t\t\t\t\t\t<span class=\"elementor-button-text\">Acc\u00e9s<\/span>\n\t\t\t\t\t<\/span>\n\t\t\t\t\t<\/a>\n\t\t\t\t<\/div>\n\t\t\t\t\t\t\t\t<\/div>\n\t\t\t\t<\/div>\n\t\t\t\t<\/div>\n\t\t<div class=\"elementor-element elementor-element-a29198d e-con-full e-flex e-con e-child\" data-id=\"a29198d\" data-element_type=\"container\" data-e-type=\"container\">\n\t\t\t\t<div class=\"elementor-element elementor-element-5085c4ee elementor-widget elementor-widget-image\" data-id=\"5085c4ee\" data-element_type=\"widget\" data-e-type=\"widget\" data-widget_type=\"image.default\">\n\t\t\t\t<div class=\"elementor-widget-container\">\n\t\t\t\t\t\t\t\t\t\t\t\t\t\t\t<img decoding=\"async\" width=\"327\" height=\"327\" src=\"https:\/\/i0.wp.com\/essentialforbusiness.com\/wp-content\/uploads\/2024\/11\/teamcooking1.webp?fit=327%2C327&amp;ssl=1\" class=\"attachment-large size-large wp-image-2581\" alt=\"\" title=\"\">\t\t\t\t\t\t\t\t\t\t\t\t\t\t\t<\/div>\n\t\t\t\t<\/div>\n\t\t\t\t<\/div>\n\t\t\t\t<\/div>\n\t\t<div class=\"elementor-element elementor-element-b8840d6 e-flex e-con-boxed e-con e-parent\" data-id=\"b8840d6\" data-element_type=\"container\" data-e-type=\"container\">\n\t\t\t\t\t<div class=\"e-con-inner\">\n\t\t\t\t<div class=\"elementor-element elementor-element-20757540 elementor-widget elementor-widget-heading\" data-id=\"20757540\" data-element_type=\"widget\" data-e-type=\"widget\" data-widget_type=\"heading.default\">\n\t\t\t\t<div class=\"elementor-widget-container\">\n\t\t\t\t\t<h3 class=\"elementor-heading-title elementor-size-default\">No saps per on comen\u00e7ar?<\/h3>\t\t\t\t<\/div>\n\t\t\t\t<\/div>\n\t\t\t\t<div class=\"elementor-element elementor-element-7a5e9107 elementor-widget elementor-widget-text-editor\" data-id=\"7a5e9107\" data-element_type=\"widget\" data-e-type=\"widget\" data-widget_type=\"text-editor.default\">\n\t\t\t\t<div class=\"elementor-widget-container\">\n\t\t\t\t\t\t\t\t\t<p>Contacta&#8217;ns i t&#8217;ajudem a trobar la soluci\u00f3 de formaci\u00f3 ling\u00fc\u00edstica ideal per a la teva empresa.<\/p>\n\t\t\t\t\t\t\t\t<\/div>\n\t\t\t\t<\/div>\n\t\t\t\t<div class=\"elementor-element elementor-element-3877f236 elementor-align-center elementor-mobile-align-center elementor-widget elementor-widget-button\" data-id=\"3877f236\" data-element_type=\"widget\" data-e-type=\"widget\" data-widget_type=\"button.default\">\n\t\t\t\t<div class=\"elementor-widget-container\">\n\t\t\t\t\t\t\t\t\t<div class=\"elementor-button-wrapper\">\n\t\t\t\t\t<a class=\"elementor-button elementor-button-link elementor-size-sm\" href=\"#\">\n\t\t\t\t\t\t<span class=\"elementor-button-content-wrapper\">\n\t\t\t\t\t\t\t\t\t<span class=\"elementor-button-text\">Contacta'ns<\/span>\n\t\t\t\t\t<\/span>\n\t\t\t\t\t<\/a>\n\t\t\t\t<\/div>\n\t\t\t\t\t\t\t\t<\/div>\n\t\t\t\t<\/div>\n\t\t\t\t\t<\/div>\n\t\t\t\t<\/div>\n\t\t\t\t<\/div>\n\t\t","protected":false},"excerpt":{"rendered":"<p>Team Building per a Empreses d&#8217;Essential for Business Experi\u00e8ncies que transformen l&#8217;aprenentatge d&#8217;idiomes Activitats i Tallers Especialitzats per a Empreses A m\u00e9s de les nostres activitats de team building, oferim una varietat de tallers especialitzats dissenyats per desenvolupar habilitats espec\u00edfiques dins del teu equip. Des de tallers de comunicaci\u00f3 fins a sessions de desenvolupament de [&hellip;]<\/p>\n","protected":false},"author":1,"featured_media":0,"parent":2785,"menu_order":0,"comment_status":"closed","ping_status":"closed","template":"","meta":{"_monsterinsights_skip_tracking":false,"_monsterinsights_sitenote_active":false,"_monsterinsights_sitenote_note":"","_monsterinsights_sitenote_category":0,"_uf_show_specific_survey":0,"_uf_disable_surveys":false,"footnotes":""},"class_list":["post-2958","page","type-page","status-publish","hentry"],"_links":{"self":[{"href":"https:\/\/essentialforbusiness.com\/ca\/wp-json\/wp\/v2\/pages\/2958","targetHints":{"allow":["GET"]}}],"collection":[{"href":"https:\/\/essentialforbusiness.com\/ca\/wp-json\/wp\/v2\/pages"}],"about":[{"href":"https:\/\/essentialforbusiness.com\/ca\/wp-json\/wp\/v2\/types\/page"}],"author":[{"embeddable":true,"href":"https:\/\/essentialforbusiness.com\/ca\/wp-json\/wp\/v2\/users\/1"}],"replies":[{"embeddable":true,"href":"https:\/\/essentialforbusiness.com\/ca\/wp-json\/wp\/v2\/comments?post=2958"}],"version-history":[{"count":4,"href":"https:\/\/essentialforbusiness.com\/ca\/wp-json\/wp\/v2\/pages\/2958\/revisions"}],"predecessor-version":[{"id":3546,"href":"https:\/\/essentialforbusiness.com\/ca\/wp-json\/wp\/v2\/pages\/2958\/revisions\/3546"}],"up":[{"embeddable":true,"href":"https:\/\/essentialforbusiness.com\/ca\/wp-json\/wp\/v2\/pages\/2785"}],"wp:attachment":[{"href":"https:\/\/essentialforbusiness.com\/ca\/wp-json\/wp\/v2\/media?parent=2958"}],"curies":[{"name":"wp","href":"https:\/\/api.w.org\/{rel}","templated":true}]}}