{"id":2967,"date":"2024-11-03T16:24:49","date_gmt":"2024-11-03T15:24:49","guid":{"rendered":"https:\/\/essentialforbusiness.com\/solucions\/team-building\/tallers-per-a-empreses"},"modified":"2024-11-06T11:34:13","modified_gmt":"2024-11-06T10:34:13","slug":"tallers-per-a-empreses","status":"publish","type":"page","link":"https:\/\/essentialforbusiness.com\/ca\/solucions\/team-building\/tallers-per-a-empreses","title":{"rendered":"Tallers per a Empreses"},"content":{"rendered":"\t\t<div data-elementor-type=\"wp-page\" data-elementor-id=\"2967\" class=\"elementor elementor-2967 elementor-1184\" data-elementor-post-type=\"page\">\n\t\t\t\t<div class=\"elementor-element elementor-element-6815e4e3 e-flex e-con-boxed e-con e-parent\" data-id=\"6815e4e3\" data-element_type=\"container\" data-e-type=\"container\" data-settings=\"{&quot;background_background&quot;:&quot;video&quot;,&quot;background_video_link&quot;:&quot;https:\\\/\\\/essentialforbusiness.com\\\/wp-content\\\/uploads\\\/2024\\\/11\\\/5725953-uhd_3840_2160_30fps.mp4&quot;}\">\n\t\t\t\t\t<div class=\"e-con-inner\">\n\t\t<div class=\"elementor-background-video-container elementor-hidden-mobile\">\n\t\t\t\t\t\t\t<video class=\"elementor-background-video-hosted\" role=\"presentation\" autoplay muted playsinline loop><\/video>\n\t\t\t\t\t<\/div>\t\t<div class=\"elementor-element elementor-element-62eba6db elementor-widget elementor-widget-heading\" data-id=\"62eba6db\" data-element_type=\"widget\" data-e-type=\"widget\" data-widget_type=\"heading.default\">\n\t\t\t\t<div class=\"elementor-widget-container\">\n\t\t\t\t\t<h1 class=\"elementor-heading-title elementor-size-default\">Tallers per a Empreses: Desenvolupament d'habilitats de lideratge i gesti\u00f3<\/h1>\t\t\t\t<\/div>\n\t\t\t\t<\/div>\n\t\t\t\t\t<\/div>\n\t\t\t\t<\/div>\n\t\t\t\t<section class=\"elementor-section elementor-top-section elementor-element elementor-element-ab96b80 elementor-section-boxed elementor-section-height-default elementor-section-height-default\" data-id=\"ab96b80\" data-element_type=\"section\" data-e-type=\"section\">\n\t\t\t\t\t\t<div class=\"elementor-container elementor-column-gap-default\">\n\t\t\t\t\t<div class=\"elementor-column elementor-col-50 elementor-top-column elementor-element elementor-element-2f9b64f1\" data-id=\"2f9b64f1\" data-element_type=\"column\" data-e-type=\"column\">\n\t\t\t<div class=\"elementor-widget-wrap elementor-element-populated\">\n\t\t\t\t\t\t<div class=\"elementor-element elementor-element-450d172c elementor-widget elementor-widget-elementskit-heading\" data-id=\"450d172c\" data-element_type=\"widget\" data-e-type=\"widget\" data-widget_type=\"elementskit-heading.default\">\n\t\t\t\t<div class=\"elementor-widget-container\">\n\t\t\t\t\t<div class=\"ekit-wid-con\" ><div class=\"ekit-heading elementskit-section-title-wraper text_left   ekit_heading_tablet-   ekit_heading_mobile-\"><h2 class=\"ekit-heading--title elementskit-section-title \">Des de 2011 preparant per a M\u00e9s de <span>400 Situacions de Negoci<\/span><\/h2>\t\t\t\t<div class='ekit-heading__description'>\n\t\t\t\t\t\n<div class=\"\">\n<div>\n\n<div class=\"V5AUxf\">\n<div class=\"comp-lu4ap2ow1 YzqVVZ wixui-column-strip__column\">\n<div class=\"\">\n<div>\n<div class=\"HcOXKn c9GqVL QxJLC3 lq2cno comp-lu4ap2ox2 wixui-rich-text\">\n<div class=\"HcOXKn c9GqVL QxJLC3 lq2cno comp-lufbbed4 wixui-rich-text\">\n<p class=\"font_8 wixui-rich-text__text\">La nostra metodologia de formaci\u00f3 experiencial \u00e9s all\u00f2 que ens distingeix. <strong>A trav\u00e9s de la <span class=\"wixui-rich-text__text\">recreaci\u00f3 de situacions reals de treball, els nostres participants tenen l'oportunitat \u00fanica d'aplicar all\u00f2 apr\u00e8s immediatament<\/span> ,<\/strong> garantint una comprensi\u00f3 profunda i pr\u00e0ctica de conceptes clau com la gesti\u00f3 de la innovaci\u00f3, resoluci\u00f3 de conflictes, i molt m\u00e9s. Aquest enfocament assegura que cada professional pugui tornar al seu entorn laboral equipat per fer front als desafiaments quotidians amb confian\u00e7a i compet\u00e8ncia. <\/p>\n<\/div>\n<\/div>\n<\/div>\n<\/div>\n<\/div>\n<\/div>\n\n<\/div>\n<\/div>\n\n\t\t\t\t<\/div>\n\t\t\t<\/div><\/div>\t\t\t\t<\/div>\n\t\t\t\t<\/div>\n\t\t\t\t\t<\/div>\n\t\t<\/div>\n\t\t\t\t<div class=\"elementor-column elementor-col-50 elementor-top-column elementor-element elementor-element-9cd5291\" data-id=\"9cd5291\" data-element_type=\"column\" data-e-type=\"column\">\n\t\t\t<div class=\"elementor-widget-wrap elementor-element-populated\">\n\t\t\t\t\t\t<div class=\"elementor-element elementor-element-74f896da elementor-widget elementor-widget-elementskit-image-comparison\" data-id=\"74f896da\" data-element_type=\"widget\" data-e-type=\"widget\" data-widget_type=\"elementskit-image-comparison.default\">\n\t\t\t\t<div class=\"elementor-widget-container\">\n\t\t\t\t\t<div class=\"ekit-wid-con\" >\n\t\t<div class=\"elementskit-image-comparison image-comparison-container\" data-offset=\"0.5\" data-overlay=\"true\" data-label_after=\"2024\" data-label_before=\"2011\" data-move_slider_on_hover=\"\" data-click_to_move=\"\">\n\t\t\t<img data-recalc-dims=\"1\" decoding=\"async\" src=\"https:\/\/i0.wp.com\/essentialforbusiness.com\/wp-content\/uploads\/2024\/11\/Pills-tablet-2.png?w=800&#038;ssl=1\" title=\"Pills tablet (2)\" alt=\"Pills tablet (2)\" loading=\"lazy\" \/><img data-recalc-dims=\"1\" decoding=\"async\" src=\"https:\/\/i0.wp.com\/essentialforbusiness.com\/wp-content\/uploads\/2024\/11\/Pills-tablet-1.png?w=800&#038;ssl=1\" title=\"Pills tablet (1)\" alt=\"Pills tablet (1)\" loading=\"lazy\" \/>\t\t<\/div>\n\n\t<\/div>\t\t\t\t<\/div>\n\t\t\t\t<\/div>\n\t\t\t\t\t<\/div>\n\t\t<\/div>\n\t\t\t\t\t<\/div>\n\t\t<\/section>\n\t\t\t\t<section class=\"elementor-section elementor-top-section elementor-element elementor-element-3ebf28db elementor-section-content-middle elementor-section-boxed elementor-section-height-default elementor-section-height-default\" data-id=\"3ebf28db\" data-element_type=\"section\" data-e-type=\"section\" data-settings=\"{&quot;background_background&quot;:&quot;classic&quot;}\">\n\t\t\t\t\t\t<div class=\"elementor-container elementor-column-gap-default\">\n\t\t\t\t\t<div class=\"elementor-column elementor-col-50 elementor-top-column elementor-element elementor-element-2249bd89\" data-id=\"2249bd89\" data-element_type=\"column\" data-e-type=\"column\">\n\t\t\t<div class=\"elementor-widget-wrap elementor-element-populated\">\n\t\t\t\t\t\t<div class=\"elementor-element elementor-element-786f4f47 elementor-widget elementor-widget-elementskit-heading\" data-id=\"786f4f47\" data-element_type=\"widget\" data-e-type=\"widget\" data-widget_type=\"elementskit-heading.default\">\n\t\t\t\t<div class=\"elementor-widget-container\">\n\t\t\t\t\t<div class=\"ekit-wid-con\" ><div class=\"ekit-heading elementskit-section-title-wraper text_left   ekit_heading_tablet-   ekit_heading_mobile-\"><h3 class=\"elementskit-section-subtitle  \">\n\t\t\t\t\t\tCapacita el teu equip i forma&#039;l en idiomes\n\t\t\t\t\t<\/h3><h2 class=\"ekit-heading--title elementskit-section-title \">Workshops a Idiomes per a empreses<\/h2><\/div><\/div>\t\t\t\t<\/div>\n\t\t\t\t<\/div>\n\t\t\t\t<div class=\"elementor-element elementor-element-7752f74b elementor-widget__width-auto elementor-widget elementor-widget-elementskit-video\" data-id=\"7752f74b\" data-element_type=\"widget\" data-e-type=\"widget\" data-widget_type=\"elementskit-video.default\">\n\t\t\t\t<div class=\"elementor-widget-container\">\n\t\t\t\t\t<div class=\"ekit-wid-con\" >\t\t<div class=\"video-content\" data-video-player=\"[]\" data-video-setting=\"{&quot;videoVolume&quot;:&quot;horizontal&quot;,&quot;startVolume&quot;:0.8,&quot;videoType&quot;:&quot;iframe&quot;,&quot;videoClass&quot;:&quot;mfp-fade&quot;,&quot;videoStyle&quot;:&quot;popup&quot;,&quot;videoTypeName&quot;:&quot;youtube&quot;,&quot;autoplay&quot;:false,&quot;muted&quot;:false,&quot;loop&quot;:false}\">\n\t\t\t\n<a class=\"ekit_icon_button  ekit-video-popup ekit-video-popup-btn\" href=\"https:\/\/www.youtube.com\/embed\/BJq4d1-lHq8?feature=oembed?playlist=BJq4d1-lHq8&amp;mute=0&amp;autoplay=0&amp;loop=no&amp;controls=0&amp;start=0&amp;end=\" aria-label=\"video-popup\" rel=\"nofollow noopener\" target=\"_blank\">\n\t\t\t\t<i aria-hidden=\"true\" class=\"icon icon-play\"><\/i>\t\t\n\t\t\t<\/a>\n\t\t\t\t\t\t\t<div class=\"ekit-hidden-icons\" hidden aria-hidden=\"true\">\n\t\t\t\t\t<i class=\"ekit-popup-close-icon icon icon-cancel\"><\/i>\t\t\t\t<\/div>\n\t\t<\/div>\n\t\t<\/div>\t\t\t\t<\/div>\n\t\t\t\t<\/div>\n\t\t\t\t\t<\/div>\n\t\t<\/div>\n\t\t\t\t<div class=\"elementor-column elementor-col-50 elementor-top-column elementor-element elementor-element-15e6398f\" data-id=\"15e6398f\" data-element_type=\"column\" data-e-type=\"column\">\n\t\t\t<div class=\"elementor-widget-wrap elementor-element-populated\">\n\t\t\t\t\t\t<section class=\"elementor-section elementor-inner-section elementor-element elementor-element-3bcce51f elementor-section-boxed elementor-section-height-default elementor-section-height-default\" data-id=\"3bcce51f\" data-element_type=\"section\" data-e-type=\"section\">\n\t\t\t\t\t\t<div class=\"elementor-container elementor-column-gap-default\">\n\t\t\t\t\t<div class=\"elementor-column elementor-col-50 elementor-inner-column elementor-element elementor-element-7e0e2718\" data-id=\"7e0e2718\" data-element_type=\"column\" data-e-type=\"column\" data-settings=\"{&quot;background_background&quot;:&quot;classic&quot;}\">\n\t\t\t<div class=\"elementor-widget-wrap elementor-element-populated\">\n\t\t\t\t\t\t<div class=\"elementor-element elementor-element-1a7d59df ekit-equal-height-disable elementor-invisible elementor-widget elementor-widget-elementskit-icon-box\" data-id=\"1a7d59df\" data-element_type=\"widget\" data-e-type=\"widget\" data-settings=\"{&quot;_animation&quot;:&quot;fadeInUp&quot;}\" data-widget_type=\"elementskit-icon-box.default\">\n\t\t\t\t<div class=\"elementor-widget-container\">\n\t\t\t\t\t<div class=\"ekit-wid-con\" >        <!-- link opening -->\n                <a href=\"#\" class=\"ekit_global_links\">\n                <!-- end link opening -->\n\n        <div class=\"elementskit-infobox text-left text- icon-lef-right-aligin elementor-animation-   \">\n                        <div class=\"box-body\">\n                            <h3 class=\"elementskit-info-box-title\">\n                    Habilitats Directives de Lideratge                <\/h3>\n                        \t\t  \t<p>Visi\u00f3 estrat\u00e8gica, Innovaci\u00f3, Comunicaci\u00f3 Efectiva, Presa de Decisions, Gesti\u00f3 de l'ambi, Coaching en Equips<\/p>\n                                <\/div>\n        \n        \n                <\/div>\n                <\/a>\n        <\/div>\t\t\t\t<\/div>\n\t\t\t\t<\/div>\n\t\t\t\t<div class=\"elementor-element elementor-element-63535e27 ekit-equal-height-disable elementor-invisible elementor-widget elementor-widget-elementskit-icon-box\" data-id=\"63535e27\" data-element_type=\"widget\" data-e-type=\"widget\" data-settings=\"{&quot;_animation&quot;:&quot;fadeInUp&quot;,&quot;_animation_delay&quot;:&quot;200&quot;}\" data-widget_type=\"elementskit-icon-box.default\">\n\t\t\t\t<div class=\"elementor-widget-container\">\n\t\t\t\t\t<div class=\"ekit-wid-con\" >        <!-- link opening -->\n                <a href=\"#\" class=\"ekit_global_links\">\n                <!-- end link opening -->\n\n        <div class=\"elementskit-infobox text-left text- icon-lef-right-aligin elementor-animation-   \">\n                        <div class=\"box-body\">\n                            <h3 class=\"elementskit-info-box-title\">\n                    Gesti\u00f3 de projectes                <\/h3>\n                        \t\t  \t<p>Planificar Efica\u00e7ment, Execuci\u00f3 Efectiva, Control i Monitoritzaci\u00f3, Evualuaci\u00f3 de Resultats<\/p>\n                                <\/div>\n        \n        \n                <\/div>\n                <\/a>\n        <\/div>\t\t\t\t<\/div>\n\t\t\t\t<\/div>\n\t\t\t\t\t<\/div>\n\t\t<\/div>\n\t\t\t\t<div class=\"elementor-column elementor-col-50 elementor-inner-column elementor-element elementor-element-4a05ce6d\" data-id=\"4a05ce6d\" data-element_type=\"column\" data-e-type=\"column\">\n\t\t\t<div class=\"elementor-widget-wrap elementor-element-populated\">\n\t\t\t\t\t\t<div class=\"elementor-element elementor-element-25f1cf78 ekit-equal-height-disable elementor-invisible elementor-widget elementor-widget-elementskit-icon-box\" data-id=\"25f1cf78\" data-element_type=\"widget\" data-e-type=\"widget\" data-settings=\"{&quot;_animation&quot;:&quot;fadeInUp&quot;,&quot;_animation_delay&quot;:&quot;100&quot;}\" data-widget_type=\"elementskit-icon-box.default\">\n\t\t\t\t<div class=\"elementor-widget-container\">\n\t\t\t\t\t<div class=\"ekit-wid-con\" >        <!-- link opening -->\n                <a href=\"#\" class=\"ekit_global_links\">\n                <!-- end link opening -->\n\n        <div class=\"elementskit-infobox text-left text- icon-lef-right-aligin elementor-animation-   \">\n                        <div class=\"box-body\">\n                            <h3 class=\"elementskit-info-box-title\">\n                    IA i Innovaci\u00f3                <\/h3>\n                        \t\t  \t<p>Digitalitzaci\u00f3, Automatitzaci\u00f3, IA a l'entorn de treball<\/p>\n                                <\/div>\n        \n        \n                <\/div>\n                <\/a>\n        <\/div>\t\t\t\t<\/div>\n\t\t\t\t<\/div>\n\t\t\t\t<div class=\"elementor-element elementor-element-30c8cecf ekit-equal-height-disable elementor-invisible elementor-widget elementor-widget-elementskit-icon-box\" data-id=\"30c8cecf\" data-element_type=\"widget\" data-e-type=\"widget\" data-settings=\"{&quot;_animation&quot;:&quot;fadeInUp&quot;,&quot;_animation_delay&quot;:&quot;300&quot;}\" data-widget_type=\"elementskit-icon-box.default\">\n\t\t\t\t<div class=\"elementor-widget-container\">\n\t\t\t\t\t<div class=\"ekit-wid-con\" >        <!-- link opening -->\n                <a href=\"#\" class=\"ekit_global_links\">\n                <!-- end link opening -->\n\n        <div class=\"elementskit-infobox text-left text- icon-lef-right-aligin elementor-animation-   \">\n                        <div class=\"box-body\">\n                            <h3 class=\"elementskit-info-box-title\">\n                    Executive Coaching                <\/h3>\n                        \t\t  \t<p>El nostre programa d'Executive Coaching est\u00e0 dissenyat per ser una eina transformadora per a l\u00edders i directius, enfocant-se al desenvolupament tant personal com professional.  <\/p>\n                                <\/div>\n        \n        \n                <\/div>\n                <\/a>\n        <\/div>\t\t\t\t<\/div>\n\t\t\t\t<\/div>\n\t\t\t\t\t<\/div>\n\t\t<\/div>\n\t\t\t\t\t<\/div>\n\t\t<\/section>\n\t\t\t\t\t<\/div>\n\t\t<\/div>\n\t\t\t\t\t<\/div>\n\t\t<\/section>\n\t\t<div class=\"elementor-element elementor-element-62886eba e-flex e-con-boxed e-con e-parent\" data-id=\"62886eba\" data-element_type=\"container\" data-e-type=\"container\">\n\t\t\t\t\t<div class=\"e-con-inner\">\n\t\t<div class=\"elementor-element elementor-element-55d7ea66 e-con-full e-flex e-con e-child\" data-id=\"55d7ea66\" data-element_type=\"container\" data-e-type=\"container\">\n\t\t\t\t<div class=\"elementor-element elementor-element-551258b3 elementor-invisible elementor-widget elementor-widget-heading\" data-id=\"551258b3\" data-element_type=\"widget\" data-e-type=\"widget\" data-settings=\"{&quot;_animation&quot;:&quot;fadeIn&quot;}\" data-widget_type=\"heading.default\">\n\t\t\t\t<div class=\"elementor-widget-container\">\n\t\t\t\t\t<h2 class=\"elementor-heading-title elementor-size-default\">Formaci\u00f3 Bonificada - Inverteix al Futur de la teva Empresa amb Cursos Bonificats<span style=\"font-family: inherit;text-align: var(--text-align)\"><\/span><\/h2>\t\t\t\t<\/div>\n\t\t\t\t<\/div>\n\t\t\t\t<div class=\"elementor-element elementor-element-7d743818 elementor-widget elementor-widget-image\" data-id=\"7d743818\" data-element_type=\"widget\" data-e-type=\"widget\" data-widget_type=\"image.default\">\n\t\t\t\t<div class=\"elementor-widget-container\">\n\t\t\t\t\t\t\t\t\t\t\t\t\t\t\t<img fetchpriority=\"high\" decoding=\"async\" width=\"683\" height=\"1024\" src=\"https:\/\/i0.wp.com\/essentialforbusiness.com\/wp-content\/uploads\/2024\/11\/pexels-marcus-aurelius-4064176-scaled.jpg?fit=683%2C1024&amp;ssl=1\" class=\"attachment-large size-large wp-image-2299\" alt=\"\" srcset=\"https:\/\/i0.wp.com\/essentialforbusiness.com\/wp-content\/uploads\/2024\/11\/pexels-marcus-aurelius-4064176-scaled.jpg?w=1707&amp;ssl=1 1707w, https:\/\/i0.wp.com\/essentialforbusiness.com\/wp-content\/uploads\/2024\/11\/pexels-marcus-aurelius-4064176-scaled.jpg?resize=200%2C300&amp;ssl=1 200w, https:\/\/i0.wp.com\/essentialforbusiness.com\/wp-content\/uploads\/2024\/11\/pexels-marcus-aurelius-4064176-scaled.jpg?resize=683%2C1024&amp;ssl=1 683w, https:\/\/i0.wp.com\/essentialforbusiness.com\/wp-content\/uploads\/2024\/11\/pexels-marcus-aurelius-4064176-scaled.jpg?resize=768%2C1152&amp;ssl=1 768w, https:\/\/i0.wp.com\/essentialforbusiness.com\/wp-content\/uploads\/2024\/11\/pexels-marcus-aurelius-4064176-scaled.jpg?resize=1024%2C1536&amp;ssl=1 1024w, https:\/\/i0.wp.com\/essentialforbusiness.com\/wp-content\/uploads\/2024\/11\/pexels-marcus-aurelius-4064176-scaled.jpg?resize=1365%2C2048&amp;ssl=1 1365w, https:\/\/i0.wp.com\/essentialforbusiness.com\/wp-content\/uploads\/2024\/11\/pexels-marcus-aurelius-4064176-scaled.jpg?w=1600&amp;ssl=1 1600w\" sizes=\"(max-width: 683px) 100vw, 683px\" title=\"\">\t\t\t\t\t\t\t\t\t\t\t\t\t\t\t<\/div>\n\t\t\t\t<\/div>\n\t\t\t\t<\/div>\n\t\t<div class=\"elementor-element elementor-element-7b71b826 e-con-full e-flex e-con e-child\" data-id=\"7b71b826\" data-element_type=\"container\" data-e-type=\"container\">\n\t\t\t\t<div class=\"elementor-element elementor-element-32ba5156 elementor-widget elementor-widget-text-editor\" data-id=\"32ba5156\" data-element_type=\"widget\" data-e-type=\"widget\" data-widget_type=\"text-editor.default\">\n\t\t\t\t<div class=\"elementor-widget-container\">\n\t\t\t\t\t\t\t\t\t<p><b>Acc\u00e9s a Finan\u00e7ament<\/b><\/p>\n<p>Aprofiteu els programes de formaci\u00f3 bonificada per finan\u00e7ar cursos d&#8217;idiomes per a empreses, optimitzant la inversi\u00f3 en desenvolupament professional sense impactar el vostre pressupost.<\/p>\n<p><b>Millora Cont\u00ednua sense Cost Extra<\/b><\/p>\n<p>Implementa programes d&#8217;idiomes per a empreses, millorant les compet\u00e8ncies ling\u00fc\u00edstiques del teu equip sense costos addicionals gr\u00e0cies a la formaci\u00f3 bonificada.<\/p>\n<p><b>Optimitzaci\u00f3 de Recursos<\/b><\/p>\n<p>Maximitza el retorn d&#8217;inversi\u00f3 en capacitaci\u00f3 utilitzant els avantatges de la formaci\u00f3 bonificada i permet un desenvolupament constant del personal en habilitats ling\u00fc\u00edstiques.<\/p>\n<p><b>Desenvolupament Estrat\u00e8gic<\/b><\/p>\n<p>Inverteix estrat\u00e8gicament en el creixement i competitivitat de la teva empresa a llarg termini, utilitzant la formaci\u00f3 bonificada per enriquir les habilitats en qualsevol idioma de l&#8217;equip.<\/p>\n\t\t\t\t\t\t\t\t<\/div>\n\t\t\t\t<\/div>\n\t\t\t\t<\/div>\n\t\t\t\t\t<\/div>\n\t\t\t\t<\/div>\n\t\t<div class=\"elementor-element elementor-element-b8840d6 e-flex e-con-boxed e-con e-parent\" data-id=\"b8840d6\" data-element_type=\"container\" data-e-type=\"container\">\n\t\t\t\t\t<div class=\"e-con-inner\">\n\t\t\t\t<div class=\"elementor-element elementor-element-20757540 elementor-widget elementor-widget-heading\" data-id=\"20757540\" data-element_type=\"widget\" data-e-type=\"widget\" data-widget_type=\"heading.default\">\n\t\t\t\t<div class=\"elementor-widget-container\">\n\t\t\t\t\t<h3 class=\"elementor-heading-title elementor-size-default\">No saps per on comen\u00e7ar?<\/h3>\t\t\t\t<\/div>\n\t\t\t\t<\/div>\n\t\t\t\t<div class=\"elementor-element elementor-element-7a5e9107 elementor-widget elementor-widget-text-editor\" data-id=\"7a5e9107\" data-element_type=\"widget\" data-e-type=\"widget\" data-widget_type=\"text-editor.default\">\n\t\t\t\t<div class=\"elementor-widget-container\">\n\t\t\t\t\t\t\t\t\t<p>Contacta&#8217;ns i t&#8217;ajudem a trobar la soluci\u00f3 de formaci\u00f3 ling\u00fc\u00edstica ideal per a la teva empresa.<\/p>\n\t\t\t\t\t\t\t\t<\/div>\n\t\t\t\t<\/div>\n\t\t\t\t<div class=\"elementor-element elementor-element-3877f236 elementor-align-center elementor-mobile-align-center elementor-widget elementor-widget-button\" data-id=\"3877f236\" data-element_type=\"widget\" data-e-type=\"widget\" data-widget_type=\"button.default\">\n\t\t\t\t<div class=\"elementor-widget-container\">\n\t\t\t\t\t\t\t\t\t<div class=\"elementor-button-wrapper\">\n\t\t\t\t\t<a class=\"elementor-button elementor-button-link elementor-size-sm\" href=\"https:\/\/essentialforbusiness.com\/contacto-2\">\n\t\t\t\t\t\t<span class=\"elementor-button-content-wrapper\">\n\t\t\t\t\t\t\t\t\t<span class=\"elementor-button-text\">Contacta'ns<\/span>\n\t\t\t\t\t<\/span>\n\t\t\t\t\t<\/a>\n\t\t\t\t<\/div>\n\t\t\t\t\t\t\t\t<\/div>\n\t\t\t\t<\/div>\n\t\t\t\t\t<\/div>\n\t\t\t\t<\/div>\n\t\t\t\t<\/div>\n\t\t","protected":false},"excerpt":{"rendered":"<p>Tallers per a Empreses: Desenvolupament d&#8217;habilitats de lideratge i gesti\u00f3 Des de 2011 preparant per a M\u00e9s de 400 Situacions de Negoci La nostra metodologia de formaci\u00f3 experiencial \u00e9s all\u00f2 que ens distingeix. A trav\u00e9s de la recreaci\u00f3 de situacions reals de treball, els nostres participants tenen l&#8217;oportunitat \u00fanica d&#8217;aplicar all\u00f2 apr\u00e8s immediatament , garantint [&hellip;]<\/p>\n","protected":false},"author":1,"featured_media":0,"parent":2958,"menu_order":0,"comment_status":"closed","ping_status":"closed","template":"","meta":{"_monsterinsights_skip_tracking":false,"_monsterinsights_sitenote_active":false,"_monsterinsights_sitenote_note":"","_monsterinsights_sitenote_category":0,"_uf_show_specific_survey":0,"_uf_disable_surveys":false,"footnotes":""},"class_list":["post-2967","page","type-page","status-publish","hentry"],"_links":{"self":[{"href":"https:\/\/essentialforbusiness.com\/ca\/wp-json\/wp\/v2\/pages\/2967","targetHints":{"allow":["GET"]}}],"collection":[{"href":"https:\/\/essentialforbusiness.com\/ca\/wp-json\/wp\/v2\/pages"}],"about":[{"href":"https:\/\/essentialforbusiness.com\/ca\/wp-json\/wp\/v2\/types\/page"}],"author":[{"embeddable":true,"href":"https:\/\/essentialforbusiness.com\/ca\/wp-json\/wp\/v2\/users\/1"}],"replies":[{"embeddable":true,"href":"https:\/\/essentialforbusiness.com\/ca\/wp-json\/wp\/v2\/comments?post=2967"}],"version-history":[{"count":1,"href":"https:\/\/essentialforbusiness.com\/ca\/wp-json\/wp\/v2\/pages\/2967\/revisions"}],"predecessor-version":[{"id":2969,"href":"https:\/\/essentialforbusiness.com\/ca\/wp-json\/wp\/v2\/pages\/2967\/revisions\/2969"}],"up":[{"embeddable":true,"href":"https:\/\/essentialforbusiness.com\/ca\/wp-json\/wp\/v2\/pages\/2958"}],"wp:attachment":[{"href":"https:\/\/essentialforbusiness.com\/ca\/wp-json\/wp\/v2\/media?parent=2967"}],"curies":[{"name":"wp","href":"https:\/\/api.w.org\/{rel}","templated":true}]}}